{"id":26537,"date":"2026-01-23T08:57:42","date_gmt":"2026-01-23T07:57:42","guid":{"rendered":"https:\/\/susannaarjona.com\/?page_id=26537"},"modified":"2026-01-23T09:17:53","modified_gmt":"2026-01-23T08:17:53","slug":"isabel-vidal-font-psicopedagoga-y-doula","status":"publish","type":"page","link":"https:\/\/susannaarjona.com\/ca\/equipo\/isabel-vidal-font-psicopedagoga-y-doula\/","title":{"rendered":"Isabel Vidal Font \u00b7 Psicopedagoga y Doula"},"content":{"rendered":"<p>[et_pb_section fb_built=\u00bb1&#8243; next_background_color=\u00bb#ffffff\u00bb disabled_on=\u00bbon|on|off\u00bb _builder_version=\u00bb4.16&#8243; _module_preset=\u00bbdefault\u00bb background_color=\u00bb#9ed7cd\u00bb background_enable_color=\u00bboff\u00bb use_background_color_gradient=\u00bbon\u00bb background_color_gradient_direction=\u00bb90deg\u00bb background_color_gradient_stops=\u00bb#9ed7cd 83%|rgba(158,215,205,0.8) 100%\u00bb background_color_gradient_start=\u00bb#9ed7cd\u00bb background_color_gradient_start_position=\u00bb83%\u00bb background_color_gradient_end=\u00bbrgba(158,215,205,0.8)\u00bb custom_padding=\u00bb30px||30px||true|\u00bb bottom_divider_style=\u00bbwaves2&#8243; bottom_divider_height=\u00bb19px\u00bb global_colors_info=\u00bb{}\u00bb locked=\u00bboff\u00bb theme_builder_area=\u00bbpost_content\u00bb][et_pb_row _builder_version=\u00bb4.16&#8243; _module_preset=\u00bbdefault\u00bb custom_padding=\u00bb56px|||||\u00bb global_colors_info=\u00bb{}\u00bb theme_builder_area=\u00bbpost_content\u00bb][et_pb_column type=\u00bb4_4&#8243; _builder_version=\u00bb4.16&#8243; _module_preset=\u00bbdefault\u00bb global_colors_info=\u00bb{}\u00bb theme_builder_area=\u00bbpost_content\u00bb][dg_adh_heading title_prefix=\u00bbIsabel Vidal Font\u00bb title_suffix=\u00bbPSICOPEDAGOGA Y DOULA\u00bb title_suffix_block=\u00bbblock\u00bb heading_margin=\u00bb||||false|false\u00bb heading_margin_tablet=\u00bb|98px|||false|false\u00bb heading_margin_phone=\u00bb|0px|||false|false\u00bb heading_margin_last_edited=\u00bbon|phone\u00bb prefix_margin=\u00bb-82px|||65px|false|false\u00bb prefix_margin_tablet=\u00bb-70px|||52px|false|false\u00bb prefix_margin_phone=\u00bb|||40px|false|false\u00bb prefix_margin_last_edited=\u00bbon|phone\u00bb infix_margin=\u00bb-82px||||false|false\u00bb infix_margin_tablet=\u00bb-70px||||false|false\u00bb infix_margin_phone=\u00bb\u00bb infix_margin_last_edited=\u00bbon|tablet\u00bb suffix_margin=\u00bb-46px|71px|||false|false\u00bb suffix_margin_tablet=\u00bb-30px|77px|||false|false\u00bb suffix_margin_phone=\u00bb-38px|32px|||false|false\u00bb suffix_margin_last_edited=\u00bbon|phone\u00bb dual_text_margin_tablet=\u00bb|||24px|false|false\u00bb dual_text_margin_phone=\u00bb|||8px|false|false\u00bb dual_text_margin_last_edited=\u00bbon|tablet\u00bb _builder_version=\u00bb4.27.4&#8243; title_level=\u00bbh1&#8243; title_font=\u00bbYeseva One||||||||\u00bb title_text_color=\u00bb#ffffff\u00bb title_font_size=\u00bb84px\u00bb title_line_height=\u00bb1.3em\u00bb t_dual_font=\u00bbYeseva One||||||||\u00bb t_dual_text_color=\u00bbrgba(255,255,255,0.24)\u00bb t_dual_font_size=\u00bb382px\u00bb t_dual_line_height=\u00bb1.6em\u00bb t_prefix_font=\u00bbYeseva One||||||||\u00bb t_prefix_font_size=\u00bb60px\u00bb t_infix_font=\u00bbSusy||||||||\u00bb t_infix_text_color=\u00bb#ffffff\u00bb t_infix_font_size=\u00bb85px\u00bb t_suffix_font=\u00bbMuli||||||||\u00bb t_suffix_text_align=\u00bbright\u00bb t_suffix_font_size=\u00bb20px\u00bb t_suffix_letter_spacing=\u00bb2px\u00bb t_suffix_line_height=\u00bb1.4em\u00bb custom_margin=\u00bb10px||-3px||false|false\u00bb custom_margin_tablet=\u00bb0px||49px||false|false\u00bb custom_margin_phone=\u00bb0px||2px||false|false\u00bb custom_margin_last_edited=\u00bbon|tablet\u00bb hover_enabled=\u00bb0&#8243; title_text_align_tablet=\u00bb\u00bb title_text_align_phone=\u00bbcenter\u00bb title_text_align_last_edited=\u00bbon|phone\u00bb title_font_size_tablet=\u00bb\u00bb title_font_size_phone=\u00bb72px\u00bb title_font_size_last_edited=\u00bbon|tablet\u00bb t_dual_text_align_tablet=\u00bb\u00bb t_dual_text_align_phone=\u00bbcenter\u00bb t_dual_text_align_last_edited=\u00bbon|phone\u00bb t_dual_font_size_tablet=\u00bb300px\u00bb t_dual_font_size_phone=\u00bb300px\u00bb t_dual_font_size_last_edited=\u00bbon|phone\u00bb t_prefix_text_align_tablet=\u00bb\u00bb t_prefix_text_align_phone=\u00bbcenter\u00bb t_prefix_text_align_last_edited=\u00bbon|phone\u00bb t_prefix_font_size_tablet=\u00bb\u00bb t_prefix_font_size_phone=\u00bb53px\u00bb t_prefix_font_size_last_edited=\u00bbon|phone\u00bb t_infix_text_align_tablet=\u00bb\u00bb t_infix_text_align_phone=\u00bbcenter\u00bb t_infix_text_align_last_edited=\u00bbon|phone\u00bb t_infix_font_size_tablet=\u00bb\u00bb t_infix_font_size_phone=\u00bb64px\u00bb t_infix_font_size_last_edited=\u00bbon|phone\u00bb t_suffix_text_align_tablet=\u00bb\u00bb t_suffix_text_align_phone=\u00bbcenter\u00bb t_suffix_text_align_last_edited=\u00bbon|phone\u00bb t_suffix_text_color_tablet=\u00bb\u00bb t_suffix_text_color_phone=\u00bb\u00bb t_suffix_text_color_last_edited=\u00bbon|phone\u00bb t_suffix_font_size_tablet=\u00bb\u00bb t_suffix_font_size_phone=\u00bb22px\u00bb t_suffix_font_size_last_edited=\u00bbon|phone\u00bb locked=\u00bboff\u00bb global_colors_info=\u00bb{}\u00bb suffix_margin__hover_enabled=\u00bboff|desktop\u00bb prefix_margin__hover_enabled=\u00bboff|desktop\u00bb theme_builder_area=\u00bbpost_content\u00bb sticky_enabled=\u00bb0&#8243;][\/dg_adh_heading][et_pb_image src=\u00bbhttps:\/\/susannaarjona.com\/wp-content\/uploads\/2020\/10\/agua-psicopedagoga-psicopedagogia-terapeuta-infantil-adolescences-adultos-astrologia-susanna-arjona-aria-vital-girona-14.png\u00bb title_text=\u00bbagua psicopedagoga psicopedagogia terapeuta infantil adolescences adultos astrologia susanna arjona aria vital girona 14&#8243; _builder_version=\u00bb4.16&#8243; _module_preset=\u00bbdefault\u00bb positioning=\u00bbabsolute\u00bb vertical_offset=\u00bb-71px\u00bb horizontal_offset=\u00bb-62px\u00bb width=\u00bb100%\u00bb max_width=\u00bb20%\u00bb filter_brightness=\u00bb200%\u00bb scroll_rotating_enable=\u00bbon\u00bb global_colors_info=\u00bb{}\u00bb theme_builder_area=\u00bbpost_content\u00bb][\/et_pb_image][\/et_pb_column][\/et_pb_row][\/et_pb_section][et_pb_section fb_built=\u00bb1&#8243; _builder_version=\u00bb4.16&#8243; _module_preset=\u00bbdefault\u00bb background_enable_color=\u00bboff\u00bb custom_padding=\u00bb110px||110px||true|\u00bb bottom_divider_flip=\u00bbhorizontal\u00bb global_colors_info=\u00bb{}\u00bb locked=\u00bboff\u00bb theme_builder_area=\u00bbpost_content\u00bb][et_pb_row column_structure=\u00bb1_3,2_3&#8243; _builder_version=\u00bb4.16&#8243; _module_preset=\u00bbdefault\u00bb global_colors_info=\u00bb{}\u00bb theme_builder_area=\u00bbpost_content\u00bb][et_pb_column type=\u00bb1_3&#8243; _builder_version=\u00bb4.16&#8243; _module_preset=\u00bbdefault\u00bb global_colors_info=\u00bb{}\u00bb theme_builder_area=\u00bbpost_content\u00bb][et_pb_image src=\u00bbhttps:\/\/susannaarjona.com\/wp-content\/uploads\/2026\/01\/IMG-20260120-WA0028.jpg\u00bb alt=\u00bbMiguel \u00c1ngel S\u00e1nchez\u00bb title_text=\u00bbIMG-20260120-WA0028&#8243; _builder_version=\u00bb4.27.4&#8243; _module_preset=\u00bbdefault\u00bb hover_enabled=\u00bb0&#8243; border_radii=\u00bbon|100vw|100vw|100vw|100vw\u00bb global_colors_info=\u00bb{}\u00bb theme_builder_area=\u00bbpost_content\u00bb sticky_enabled=\u00bb0&#8243;][\/et_pb_image][\/et_pb_column][et_pb_column type=\u00bb2_3&#8243; _builder_version=\u00bb4.16&#8243; _module_preset=\u00bbdefault\u00bb global_colors_info=\u00bb{}\u00bb theme_builder_area=\u00bbpost_content\u00bb][et_pb_text _builder_version=\u00bb4.19.4&#8243; _module_preset=\u00bbdefault\u00bb header_5_line_height=\u00bb1.6em\u00bb global_colors_info=\u00bb{}\u00bb theme_builder_area=\u00bbpost_content\u00bb]<\/p>\n<h5><\/h5>\n<p data-start=\"98\" data-end=\"434\">Comenc\u00e9 mi camino profesional, tras formarme en Pedagog\u00eda Terap\u00e9utica en la UAB, en el \u00e1mbito de la salud mental, pasando por diversos centros especializados en autismo y psicosis para ni\u00f1os y adultos en Barcelona y Girona. Trabajar junto a personas tan diversas me ense\u00f1\u00f3, entre muchas otras cosas, a escuchar m\u00e1s all\u00e1 de las palabras.<\/p>\n<p data-start=\"98\" data-end=\"434\">Al ser madre, hace m\u00e1s de veinticinco a\u00f1os, cont\u00e9 con una matrona y una doula que me ayudaron a vivir los nacimientos tranquilos y respetados de mis dos hijos en casa. Estas experiencias transformaron mi vida y mi mirada profesional: encontr\u00e9 el prop\u00f3sito de dedicarme al acompa\u00f1amiento emocional y terap\u00e9utico en la maternidad y la crianza, para aportar mi granito de arena a la humanizaci\u00f3n de los procesos vitales.<\/p>\n<p>&nbsp;<\/p>\n<p>[\/et_pb_text][\/et_pb_column][\/et_pb_row][et_pb_row _builder_version=\u00bb4.16&#8243; _module_preset=\u00bbdefault\u00bb global_colors_info=\u00bb{}\u00bb theme_builder_area=\u00bbpost_content\u00bb][et_pb_column type=\u00bb4_4&#8243; _builder_version=\u00bb4.16&#8243; _module_preset=\u00bbdefault\u00bb global_colors_info=\u00bb{}\u00bb theme_builder_area=\u00bbpost_content\u00bb][et_pb_text _builder_version=\u00bb4.27.4&#8243; _module_preset=\u00bbdefault\u00bb header_5_line_height=\u00bb1.6em\u00bb hover_enabled=\u00bb0&#8243; global_colors_info=\u00bb{}\u00bb theme_builder_area=\u00bbpost_content\u00bb sticky_enabled=\u00bb0&#8243;]<\/p>\n<p>As\u00ed que me form\u00e9 en la segunda promoci\u00f3n de doulas de la pen\u00ednsula y, durante casi veinte a\u00f1os, he acompa\u00f1ado a familias como <strong>doula de nacimiento<\/strong>. Tambi\u00e9n he colaborado con matronas de parto en casa, fui presidenta de la Asociaci\u00f3n Espa\u00f1ola Red Circular de Doulas en sus inicios y he contribuido a la difusi\u00f3n de esta labor en diferentes espacios.<\/p>\n<blockquote>\n<p>Una doula ofrece acompa\u00f1amiento emocional y espiritual en momentos de crisis, tr\u00e1nsitos, umbrales, cambios. Nacer y morir son las dos expresiones m\u00e1s grandes de estos momentos umbrales, pero la vida est\u00e1 llena de estas situaciones en distintos grados. Y la funci\u00f3n de la doula es aportar sost\u00e9n para poder transitarlos<\/p>\n<\/blockquote>\n<p data-start=\"1205\" data-end=\"1669\">Con el tiempo, he ampliado mi formaci\u00f3n para integrar el acompa\u00f1amiento desde una perspectiva tambi\u00e9n terap\u00e9utica y para poder llegar a un p\u00fablico adulto m\u00e1s amplio: me he formado en crisis, duelo y p\u00e9rdidas con Alba Pay\u00e0s; en homeopat\u00eda en el Institut Homeop\u00e0tic de Catalunya; en coaching existencial y PNL; y en psicolog\u00eda humanista y transpersonal con Josep M. Fericgla y Llu\u00eds Fust\u00e9, entre otros. Actualmente estoy finalizando el grado de Psicolog\u00eda en la UOC.<\/p>\n<p data-start=\"1671\" data-end=\"2118\">Mi recorrido de crecimiento personal, vinculado a la exploraci\u00f3n de espacios internos, me ha llevado a la meditaci\u00f3n y a otras t\u00e9cnicas de expansi\u00f3n de la conciencia. Y para profundizar en ello y poder acompa\u00f1ar tambi\u00e9n esta vertiente m\u00e1s sensible, me he formado en intervenci\u00f3n psicoterap\u00e9utica, lo que me ha permitido afinar y estructurar un acompa\u00f1amiento profundo y respetuoso en procesos de transformaci\u00f3n, integraci\u00f3n y crecimiento personal.<\/p>\n<p data-start=\"2120\" data-end=\"2520\">Tras recibir un trasplante de coraz\u00f3n en el a\u00f1o 2025, mi vivencia sobre la fragilidad y la finitud ha ampliado a\u00fan m\u00e1s mi mirada sobre el final de la vida, el duelo y las p\u00e9rdidas. Desde muy joven he sentido una especial sensibilidad hacia estas cuestiones, y siento que ahora tambi\u00e9n puedo ofrecerme como <strong>doula del morir<\/strong> y acompa\u00f1ar en momentos de cambio, p\u00e9rdidas o transici\u00f3n hacia lo desconocido.<\/p>\n<p data-start=\"2522\" data-end=\"2783\">Mi manera de acompa\u00f1ar consiste, pues, en ofrecer presencia, escucha y la experiencia terap\u00e9utica adquirida a lo largo de los a\u00f1os, para brindar un espacio seguro donde acoger aquello que necesita ser mirado con amor y compasi\u00f3n, resignificarlo y darle sentido.<\/p>\n<p>[\/et_pb_text][\/et_pb_column][\/et_pb_row][\/et_pb_section][et_pb_section fb_built=\u00bb1&#8243; fullwidth=\u00bbon\u00bb theme_builder_area=\u00bbpost_content\u00bb _builder_version=\u00bb4.27.4&#8243; _module_preset=\u00bbdefault\u00bb][\/et_pb_section]<\/p>\n","protected":false},"excerpt":{"rendered":"<div class=\"et_pb_module dg_adh_heading dg_adh_heading_0\">\n\t\t\t\t\n\t\t\t\t\n\t\t\t\t\n\t\t\t\t\n\t\t\t\t\n\t\t\t\t\n\t\t\t\t<div class=\"et_pb_module_inner\">\n\t\t\t\t\t<div class=\"dg-heading-container\">\r\n                \r\n                \r\n                <h4 class=\"dg-heading\"><span class=\"prefix\">\u00bbIsabel<\/span>  <span class=\"suffix\">\u00bbPSICOPEDAGOGA<\/span><\/h4>\r\n                \r\n            <\/div>\n\t\t\t\t<\/div>\n\t\t\t<\/div>","protected":false},"author":4,"featured_media":0,"parent":24462,"menu_order":0,"comment_status":"closed","ping_status":"closed","template":"","meta":{"_et_pb_use_builder":"on","_et_pb_old_content":"","_et_gb_content_width":"","footnotes":""},"class_list":["post-26537","page","type-page","status-publish","hentry"],"_links":{"self":[{"href":"https:\/\/susannaarjona.com\/ca\/wp-json\/wp\/v2\/pages\/26537","targetHints":{"allow":["GET"]}}],"collection":[{"href":"https:\/\/susannaarjona.com\/ca\/wp-json\/wp\/v2\/pages"}],"about":[{"href":"https:\/\/susannaarjona.com\/ca\/wp-json\/wp\/v2\/types\/page"}],"author":[{"embeddable":true,"href":"https:\/\/susannaarjona.com\/ca\/wp-json\/wp\/v2\/users\/4"}],"replies":[{"embeddable":true,"href":"https:\/\/susannaarjona.com\/ca\/wp-json\/wp\/v2\/comments?post=26537"}],"version-history":[{"count":3,"href":"https:\/\/susannaarjona.com\/ca\/wp-json\/wp\/v2\/pages\/26537\/revisions"}],"predecessor-version":[{"id":26545,"href":"https:\/\/susannaarjona.com\/ca\/wp-json\/wp\/v2\/pages\/26537\/revisions\/26545"}],"up":[{"embeddable":true,"href":"https:\/\/susannaarjona.com\/ca\/wp-json\/wp\/v2\/pages\/24462"}],"wp:attachment":[{"href":"https:\/\/susannaarjona.com\/ca\/wp-json\/wp\/v2\/media?parent=26537"}],"curies":[{"name":"wp","href":"https:\/\/api.w.org\/{rel}","templated":true}]}}