{"id":26155,"date":"2023-02-20T17:06:08","date_gmt":"2023-02-20T16:06:08","guid":{"rendered":"https:\/\/susannaarjona.com\/?page_id=26155"},"modified":"2026-01-23T08:58:53","modified_gmt":"2026-01-23T07:58:53","slug":"miguel-angel-sanchez-aria-vital","status":"publish","type":"page","link":"https:\/\/susannaarjona.com\/ca\/equipo\/miguel-angel-sanchez-aria-vital\/","title":{"rendered":"Miguel \u00c1ngel S\u00e1nchez Aria Vital"},"content":{"rendered":"<p>[et_pb_section fb_built=\u00bb1&#8243; next_background_color=\u00bb#ffffff\u00bb disabled_on=\u00bbon|on|off\u00bb _builder_version=\u00bb4.16&#8243; _module_preset=\u00bbdefault\u00bb background_color=\u00bb#9ed7cd\u00bb background_enable_color=\u00bboff\u00bb use_background_color_gradient=\u00bbon\u00bb background_color_gradient_direction=\u00bb90deg\u00bb background_color_gradient_stops=\u00bb#9ed7cd 83%|rgba(158,215,205,0.8) 100%\u00bb background_color_gradient_start=\u00bb#9ed7cd\u00bb background_color_gradient_start_position=\u00bb83%\u00bb background_color_gradient_end=\u00bbrgba(158,215,205,0.8)\u00bb custom_padding=\u00bb30px||30px||true|\u00bb bottom_divider_style=\u00bbwaves2&#8243; bottom_divider_height=\u00bb19px\u00bb global_colors_info=\u00bb{}\u00bb][et_pb_row _builder_version=\u00bb4.16&#8243; _module_preset=\u00bbdefault\u00bb custom_padding=\u00bb56px|||||\u00bb global_colors_info=\u00bb{}\u00bb][et_pb_column type=\u00bb4_4&#8243; _builder_version=\u00bb4.16&#8243; _module_preset=\u00bbdefault\u00bb global_colors_info=\u00bb{}\u00bb][dg_adh_heading title_prefix=\u00bbMiguel \u00c1ngel S\u00e1nchez\u00bb title_suffix=\u00bbPSIC\u00d3LOGO Y TERAPEUTA GESTALT \u00bb title_suffix_block=\u00bbblock\u00bb heading_margin=\u00bb||||false|false\u00bb heading_margin_tablet=\u00bb|98px|||false|false\u00bb heading_margin_phone=\u00bb|0px|||false|false\u00bb heading_margin_last_edited=\u00bbon|phone\u00bb prefix_margin=\u00bb-82px|||65px|false|false\u00bb prefix_margin_tablet=\u00bb-70px|||52px|false|false\u00bb prefix_margin_phone=\u00bb|||40px|false|false\u00bb prefix_margin_last_edited=\u00bbon|phone\u00bb infix_margin=\u00bb-82px||||false|false\u00bb infix_margin_tablet=\u00bb-70px||||false|false\u00bb infix_margin_phone=\u00bb\u00bb infix_margin_last_edited=\u00bbon|tablet\u00bb suffix_margin=\u00bb-46px|71px|||false|false\u00bb suffix_margin_tablet=\u00bb-30px|77px|||false|false\u00bb suffix_margin_phone=\u00bb-38px|32px|||false|false\u00bb suffix_margin_last_edited=\u00bbon|phone\u00bb dual_text_margin_tablet=\u00bb|||24px|false|false\u00bb dual_text_margin_phone=\u00bb|||8px|false|false\u00bb dual_text_margin_last_edited=\u00bbon|tablet\u00bb _builder_version=\u00bb4.19.4&#8243; title_level=\u00bbh1&#8243; title_font=\u00bbYeseva One||||||||\u00bb title_text_color=\u00bb#ffffff\u00bb title_font_size=\u00bb84px\u00bb title_line_height=\u00bb1.3em\u00bb t_dual_font=\u00bbYeseva One||||||||\u00bb t_dual_text_color=\u00bbrgba(255,255,255,0.24)\u00bb t_dual_font_size=\u00bb382px\u00bb t_dual_line_height=\u00bb1.6em\u00bb t_prefix_font=\u00bbYeseva One||||||||\u00bb t_prefix_font_size=\u00bb60px\u00bb t_infix_font=\u00bbSusy||||||||\u00bb t_infix_text_color=\u00bb#ffffff\u00bb t_infix_font_size=\u00bb85px\u00bb t_suffix_font=\u00bbMuli||||||||\u00bb t_suffix_text_align=\u00bbright\u00bb t_suffix_font_size=\u00bb20px\u00bb t_suffix_letter_spacing=\u00bb2px\u00bb t_suffix_line_height=\u00bb1.4em\u00bb custom_margin=\u00bb10px||-3px||false|false\u00bb custom_margin_tablet=\u00bb0px||49px||false|false\u00bb custom_margin_phone=\u00bb0px||2px||false|false\u00bb custom_margin_last_edited=\u00bbon|tablet\u00bb title_text_align_tablet=\u00bb\u00bb title_text_align_phone=\u00bbcenter\u00bb title_text_align_last_edited=\u00bbon|phone\u00bb title_font_size_tablet=\u00bb\u00bb title_font_size_phone=\u00bb72px\u00bb title_font_size_last_edited=\u00bbon|tablet\u00bb t_dual_text_align_tablet=\u00bb\u00bb t_dual_text_align_phone=\u00bbcenter\u00bb t_dual_text_align_last_edited=\u00bbon|phone\u00bb t_dual_font_size_tablet=\u00bb300px\u00bb t_dual_font_size_phone=\u00bb300px\u00bb t_dual_font_size_last_edited=\u00bbon|phone\u00bb t_prefix_text_align_tablet=\u00bb\u00bb t_prefix_text_align_phone=\u00bbcenter\u00bb t_prefix_text_align_last_edited=\u00bbon|phone\u00bb t_prefix_font_size_tablet=\u00bb\u00bb t_prefix_font_size_phone=\u00bb53px\u00bb t_prefix_font_size_last_edited=\u00bbon|phone\u00bb t_infix_text_align_tablet=\u00bb\u00bb t_infix_text_align_phone=\u00bbcenter\u00bb t_infix_text_align_last_edited=\u00bbon|phone\u00bb t_infix_font_size_tablet=\u00bb\u00bb t_infix_font_size_phone=\u00bb64px\u00bb t_infix_font_size_last_edited=\u00bbon|phone\u00bb t_suffix_text_align_tablet=\u00bb\u00bb t_suffix_text_align_phone=\u00bbcenter\u00bb t_suffix_text_align_last_edited=\u00bbon|phone\u00bb t_suffix_text_color_tablet=\u00bb\u00bb t_suffix_text_color_phone=\u00bb\u00bb t_suffix_text_color_last_edited=\u00bbon|phone\u00bb t_suffix_font_size_tablet=\u00bb\u00bb t_suffix_font_size_phone=\u00bb22px\u00bb t_suffix_font_size_last_edited=\u00bbon|phone\u00bb locked=\u00bboff\u00bb global_colors_info=\u00bb{}\u00bb suffix_margin__hover_enabled=\u00bboff|desktop\u00bb prefix_margin__hover_enabled=\u00bboff|desktop\u00bb][\/dg_adh_heading][et_pb_image src=\u00bbhttps:\/\/susannaarjona.com\/wp-content\/uploads\/2020\/10\/agua-psicopedagoga-psicopedagogia-terapeuta-infantil-adolescences-adultos-astrologia-susanna-arjona-aria-vital-girona-14.png\u00bb title_text=\u00bbagua psicopedagoga psicopedagogia terapeuta infantil adolescences adultos astrologia susanna arjona aria vital girona 14&#8243; _builder_version=\u00bb4.16&#8243; _module_preset=\u00bbdefault\u00bb positioning=\u00bbabsolute\u00bb vertical_offset=\u00bb-71px\u00bb horizontal_offset=\u00bb-62px\u00bb width=\u00bb100%\u00bb max_width=\u00bb20%\u00bb filter_brightness=\u00bb200%\u00bb scroll_rotating_enable=\u00bbon\u00bb global_colors_info=\u00bb{}\u00bb][\/et_pb_image][\/et_pb_column][\/et_pb_row][\/et_pb_section][et_pb_section fb_built=\u00bb1&#8243; _builder_version=\u00bb4.16&#8243; _module_preset=\u00bbdefault\u00bb background_enable_color=\u00bboff\u00bb custom_padding=\u00bb110px||110px||true|\u00bb bottom_divider_flip=\u00bbhorizontal\u00bb global_colors_info=\u00bb{}\u00bb][et_pb_row column_structure=\u00bb1_3,2_3&#8243; _builder_version=\u00bb4.16&#8243; _module_preset=\u00bbdefault\u00bb global_colors_info=\u00bb{}\u00bb][et_pb_column type=\u00bb1_3&#8243; _builder_version=\u00bb4.16&#8243; _module_preset=\u00bbdefault\u00bb global_colors_info=\u00bb{}\u00bb][et_pb_image src=\u00bbhttps:\/\/susannaarjona.com\/wp-content\/uploads\/2023\/02\/psicopedagoga-psicopedagogia-terapeuta-infantil-adolescences-adultos-astrologia-susanna-arjona-aria-vital-girona-Miguel-Angel-Sanchez.jpg\u00bb alt=\u00bbMiguel \u00c1ngel S\u00e1nchez\u00bb title_text=\u00bbpsicopedagoga-psicopedagogia-terapeuta-infantil-adolescences-adultos-astrologia-susanna-arjona-aria-vital-girona-Miguel Angel Sanchez\u00bb _builder_version=\u00bb4.19.4&#8243; _module_preset=\u00bbdefault\u00bb border_radii=\u00bbon|100vw|100vw|100vw|100vw\u00bb global_colors_info=\u00bb{}\u00bb][\/et_pb_image][\/et_pb_column][et_pb_column type=\u00bb2_3&#8243; _builder_version=\u00bb4.16&#8243; _module_preset=\u00bbdefault\u00bb global_colors_info=\u00bb{}\u00bb][et_pb_text _builder_version=\u00bb4.19.4&#8243; _module_preset=\u00bbdefault\u00bb header_5_line_height=\u00bb1.6em\u00bb global_colors_info=\u00bb{}\u00bb]<\/p>\n<h5>Equipo Psicopedag\u00f3gico<\/h5>\n<p>Poco antes de acabar la carrera de <strong>Psicolog\u00eda<\/strong>, mientras hac\u00eda un M\u00e1ster en <strong>Psicolog\u00eda Cl\u00ednica y de la Salud<\/strong> en el a\u00f1o 2000, sent\u00ed que aquella mirada que se me propon\u00eda no era la que yo estaba buscando.\u00a0Me faltaba\u00a0profundidad, encontrar aquello que nos caracteriza y nos hace humanos, \u00a1me faltaba el alma!<\/p>\n<p>A partir de ese momento, empec\u00e9 una b\u00fasqueda que todav\u00eda hoy contin\u00faa.<\/p>\n<p>La <strong>hipnosis y las regresiones<\/strong>, junto con los <strong>arquetipos junguianos<\/strong> me acercaron al\u00a0<strong>descubrimiento del lenguaje del inconsciente y aquello precioso que contiene el s\u00edmbolo<\/strong>.<\/p>\n<p>Todo este Trabajo me condujo a experimentar y comprender\u00a0<strong>la huella que el nacimiento deja en nuestra vida, a trav\u00e9s de la Psicolog\u00eda Transpersonal<\/strong> creada por Stanislav Groff y sus Matrices Perinatales.<\/p>\n<p>&nbsp;<\/p>\n<p>[\/et_pb_text][\/et_pb_column][\/et_pb_row][et_pb_row _builder_version=\u00bb4.16&#8243; _module_preset=\u00bbdefault\u00bb global_colors_info=\u00bb{}\u00bb][et_pb_column type=\u00bb4_4&#8243; _builder_version=\u00bb4.16&#8243; _module_preset=\u00bbdefault\u00bb global_colors_info=\u00bb{}\u00bb][et_pb_text _builder_version=\u00bb4.19.4&#8243; _module_preset=\u00bbdefault\u00bb header_5_line_height=\u00bb1.6em\u00bb global_colors_info=\u00bb{}\u00bb]<\/p>\n<p>La inercia del nacimiento me llev\u00f3 a profundizar en un movimiento terap\u00e9utico que ven\u00eda del Quebec (<strong>Evolutia Croissance<\/strong>) donde experiment\u00e9 con el Nacimiento, el Ni\u00f1o Interior y la Respiraci\u00f3n Consciente.\u00a0<\/p>\n<blockquote>\n<p>Aprend\u00ed a vivir las emociones sin miedo en un clima c\u00e1lido y amoroso en el que se disolv\u00edan memorias pasadas, relaciones y v\u00ednculos que hab\u00edan estado ancladas en el dolor.<\/p>\n<\/blockquote>\n<p>Del 2002 al 2006 me form\u00e9 en\u00a0<strong>Constelaciones Familiares\u00a0<\/strong>y un trabajo precioso con los que considero todav\u00eda hoy mis maestros sobre el\u00a0Conocimiento Interior, Abel Millot y Marie No\u00ebl Federici. La vida, el presente, la verdad, la belleza, la bondad, la consciencia, la claridad, la transformaci\u00f3n. Por fin se me mostraba\u00a0<strong>la profundidad del Ser Humano<\/strong>.<\/p>\n<p>Un descubrimiento precioso sobre el mental, la formaci\u00f3n del <strong>ego y el\u00a0Yo Soy<\/strong>\u00a0con un Swami coincidieron en ese momento.<\/p>\n<p>No puedo olvidar tampoco la experiencia que fue para m\u00ed el Trabajo que hice con el femenino-masculino, la integraci\u00f3n de la masculinidad que hice con Mark Joseph sobre el 2015-16.\u00a0<strong>El amor del Coraz\u00f3n del Hombre<\/strong>. Amor que sostiene, da forma, consciencia, estabilidad\u2026<\/p>\n<p>La \u00faltima incorporaci\u00f3n en mi formaci\u00f3n ha sido\u00a0la <strong>Terapia Infantil<\/strong>\u00a0a trav\u00e9s de la valiosa visi\u00f3n de la <strong>Gestalt<\/strong> y tambi\u00e9n la <strong>Terapia de Juego<\/strong> siguiendo principios junguianos.<\/p>\n<p>Mientras todo esto pasaba, fui padre y la <strong>paternidad<\/strong> me hizo explorar y conocer la <strong>pedagog\u00eda<\/strong>. Este inter\u00e9s me llev\u00f3 a hacer de\u00a0<strong>maestro de infantil durante 11 a\u00f1os\u00a0<\/strong>en diferentes espacios que segu\u00edan una <strong>metodolog\u00eda<\/strong> <strong>Waldorf<\/strong>.<\/p>\n<p>Durante estos a\u00f1os la <strong>Antroposof\u00eda<\/strong> me sumergi\u00f3 en una preciosa visi\u00f3n del\u00a0<strong>alma del ni\u00f1o<\/strong>\u00a0y del ser humano. Me siento afortunado de haberme sentido cercano a su sensibilidad y belleza.<\/p>\n<p><strong>Despu\u00e9s de 15 a\u00f1os acompa\u00f1ando<\/strong> de forma individual y en grupo a profundizar en s\u00ed mismos a trav\u00e9s de <strong>la sensibilidad<\/strong>, de la acogida de las heridas emocionales, llega un momento en mi vida en que tomo consciencia de que esta parte de la terapia solo me ha acercado a la mitad del camino.<\/p>\n<blockquote>\n<p>Despu\u00e9s de la acogida sensible del dolor empieza una aventura de querer vivir la vida, transformarla, incorporando el principio masculino tambi\u00e9n en mis terapias, proponiendo y haciendo una suma m\u00e1s completa de todo aquello que por nosotros mismos queremos descubrir, alcanzar.<\/p>\n<\/blockquote>\n<p>La <strong>comprehensi\u00f3n profunda de Lo Masculino<\/strong> me lleva a una experiencia de <strong>completitud<\/strong> en m\u00ed mismo que inevitablemente se ve reflejado en mi forma de trabajar. La resoluci\u00f3n del conflicto como lo que da forma a lo nuevo, dando luz a lo que se <strong>construye<\/strong> de nuevo, dando sentido al <strong>avanzar<\/strong>.<\/p>\n<p>Mi sensibilidad me permite sentir energ\u00e9ticamente, como si pudiera\u00a0<strong>tocar una alquimia que se est\u00e1 produciendo en el interior de la persona<\/strong>\u00a0que acompa\u00f1o. La experiencia de todos estos a\u00f1os, m\u00e1s el hecho de que la intuici\u00f3n\u00a0se ha ido afinando con el tiempo, hace que los procesos de las personas que vienen sean m\u00e1s r\u00e1pidos, profundos y, por tanto, aut\u00e9nticos.<\/p>\n<p>Poder disfrutar de esta <strong>experiencia de transformaci\u00f3n<\/strong> en mi d\u00eda a d\u00eda me llena de <strong>satisfacci\u00f3n y alegr\u00eda<\/strong> y no tengo m\u00e1s remedio que sentirme agradecido por que haya cada d\u00eda m\u00e1s gente que quiera tener la experiencia de conocerse a s\u00ed mismo o a s\u00ed misma.<\/p>\n<p>[\/et_pb_text][\/et_pb_column][\/et_pb_row][\/et_pb_section]<\/p>\n","protected":false},"excerpt":{"rendered":"<div class=\"et_pb_module dg_adh_heading dg_adh_heading_0\">\n\t\t\t\t\n\t\t\t\t\n\t\t\t\t\n\t\t\t\t\n\t\t\t\t\n\t\t\t\t\n\t\t\t\t<div class=\"et_pb_module_inner\">\n\t\t\t\t\t<div class=\"dg-heading-container\">\r\n                \r\n                \r\n                <h4 class=\"dg-heading\"><span class=\"prefix\">\u00bbMiguel<\/span>  <span class=\"suffix\">\u00bbPSIC\u00d3LOGO<\/span><\/h4>\r\n                \r\n            <\/div>\n\t\t\t\t<\/div>\n\t\t\t<\/div>","protected":false},"author":4,"featured_media":26156,"parent":24462,"menu_order":0,"comment_status":"closed","ping_status":"closed","template":"","meta":{"_et_pb_use_builder":"on","_et_pb_old_content":"","_et_gb_content_width":"","footnotes":""},"class_list":["post-26155","page","type-page","status-publish","has-post-thumbnail","hentry"],"_links":{"self":[{"href":"https:\/\/susannaarjona.com\/ca\/wp-json\/wp\/v2\/pages\/26155","targetHints":{"allow":["GET"]}}],"collection":[{"href":"https:\/\/susannaarjona.com\/ca\/wp-json\/wp\/v2\/pages"}],"about":[{"href":"https:\/\/susannaarjona.com\/ca\/wp-json\/wp\/v2\/types\/page"}],"author":[{"embeddable":true,"href":"https:\/\/susannaarjona.com\/ca\/wp-json\/wp\/v2\/users\/4"}],"replies":[{"embeddable":true,"href":"https:\/\/susannaarjona.com\/ca\/wp-json\/wp\/v2\/comments?post=26155"}],"version-history":[{"count":1,"href":"https:\/\/susannaarjona.com\/ca\/wp-json\/wp\/v2\/pages\/26155\/revisions"}],"predecessor-version":[{"id":26542,"href":"https:\/\/susannaarjona.com\/ca\/wp-json\/wp\/v2\/pages\/26155\/revisions\/26542"}],"up":[{"embeddable":true,"href":"https:\/\/susannaarjona.com\/ca\/wp-json\/wp\/v2\/pages\/24462"}],"wp:featuredmedia":[{"embeddable":true,"href":"https:\/\/susannaarjona.com\/ca\/wp-json\/wp\/v2\/media\/26156"}],"wp:attachment":[{"href":"https:\/\/susannaarjona.com\/ca\/wp-json\/wp\/v2\/media?parent=26155"}],"curies":[{"name":"wp","href":"https:\/\/api.w.org\/{rel}","templated":true}]}}