{"id":25814,"date":"2021-12-22T19:48:35","date_gmt":"2021-12-22T18:48:35","guid":{"rendered":"https:\/\/susannaarjona.com\/?page_id=25814"},"modified":"2025-03-24T12:02:04","modified_gmt":"2025-03-24T11:02:04","slug":"lola-casals-coaching-en-salud-en-aria-vital","status":"publish","type":"page","link":"https:\/\/susannaarjona.com\/ca\/equipo\/lola-casals-coaching-en-salud-en-aria-vital\/","title":{"rendered":"Lola Casals Coaching-Mentor\u00eda en salud emocional y f\u00edsica"},"content":{"rendered":"<p>[et_pb_section fb_built=\u00bb1&#8243; disabled_on=\u00bboff|off|on\u00bb _builder_version=\u00bb4.16&#8243; _module_preset=\u00bbdefault\u00bb background_color=\u00bb#9ed7cd\u00bb custom_padding=\u00bb30px||30px||true|\u00bb bottom_divider_style=\u00bbwaves2&#8243; bottom_divider_color=\u00bb#FFFFFF\u00bb bottom_divider_height=\u00bb29px\u00bb global_colors_info=\u00bb{}\u00bb][et_pb_row _builder_version=\u00bb4.16&#8243; _module_preset=\u00bbdefault\u00bb custom_padding=\u00bb35px|||||\u00bb global_colors_info=\u00bb{}\u00bb][et_pb_column type=\u00bb4_4&#8243; _builder_version=\u00bb4.16&#8243; _module_preset=\u00bbdefault\u00bb global_colors_info=\u00bb{}\u00bb][et_pb_image src=\u00bbhttps:\/\/susannaarjona.com\/wp-content\/uploads\/2020\/10\/agua-psicopedagoga-psicopedagogia-terapeuta-infantil-adolescences-adultos-astrologia-susanna-arjona-aria-vital-girona-14.png\u00bb title_text=\u00bbagua psicopedagoga psicopedagogia terapeuta infantil adolescences adultos astrologia susanna arjona aria vital girona 14&#8243; align_tablet=\u00bb\u00bb align_phone=\u00bbcenter\u00bb align_last_edited=\u00bbon|tablet\u00bb _builder_version=\u00bb4.16&#8243; _module_preset=\u00bbdefault\u00bb vertical_offset=\u00bb-73px\u00bb horizontal_offset=\u00bb-62px\u00bb vertical_offset_tablet=\u00bb\u00bb vertical_offset_phone=\u00bb-38px\u00bb vertical_offset_last_edited=\u00bbon|phone\u00bb horizontal_offset_tablet=\u00bb-83px\u00bb horizontal_offset_phone=\u00bb-31px\u00bb horizontal_offset_last_edited=\u00bbon|phone\u00bb position_origin_a_tablet=\u00bb\u00bb position_origin_a_phone=\u00bb\u00bb position_origin_a_last_edited=\u00bbon|phone\u00bb position_origin_f_tablet=\u00bb\u00bb position_origin_f_phone=\u00bb\u00bb position_origin_f_last_edited=\u00bbon|phone\u00bb position_origin_r_tablet=\u00bb\u00bb position_origin_r_phone=\u00bb\u00bb position_origin_r_last_edited=\u00bbon|phone\u00bb width=\u00bb83%\u00bb width_tablet=\u00bb25%\u00bb width_phone=\u00bb41%\u00bb width_last_edited=\u00bbon|phone\u00bb filter_brightness=\u00bb200%\u00bb scroll_rotating_enable=\u00bbon\u00bb positioning_tablet=\u00bbabsolute\u00bb positioning_phone=\u00bbabsolute\u00bb positioning_last_edited=\u00bbon|phone\u00bb filter_opacity_tablet=\u00bb\u00bb filter_opacity_phone=\u00bb100%\u00bb filter_opacity_last_edited=\u00bbon|phone\u00bb global_colors_info=\u00bb{}\u00bb][\/et_pb_image][dg_adh_heading title_prefix=\u00bbLola Casals\u00bb title_suffix_block=\u00bbinline\u00bb dual_text_margin_tablet=\u00bb|||24px|false|false\u00bb dual_text_margin_phone=\u00bb|||8px|false|false\u00bb dual_text_margin_last_edited=\u00bbon|tablet\u00bb _builder_version=\u00bb4.16&#8243; title_level=\u00bbh1&#8243; title_font=\u00bbYeseva One||||||||\u00bb title_text_color=\u00bb#ffffff\u00bb title_font_size=\u00bb84px\u00bb title_line_height=\u00bb1.3em\u00bb t_dual_font=\u00bbYeseva One||||||||\u00bb t_dual_text_color=\u00bbrgba(255,255,255,0.24)\u00bb t_dual_font_size=\u00bb382px\u00bb t_dual_line_height=\u00bb1.6em\u00bb t_prefix_font=\u00bbYeseva One||||||||\u00bb t_prefix_font_size=\u00bb60px\u00bb t_infix_font=\u00bbSusy||||||||\u00bb t_infix_text_color=\u00bb#ffffff\u00bb t_infix_font_size=\u00bb85px\u00bb t_suffix_font=\u00bbMuli||||||||\u00bb t_suffix_text_align=\u00bbright\u00bb custom_margin=\u00bb||5px|||\u00bb title_text_align_tablet=\u00bb\u00bb title_text_align_phone=\u00bbcenter\u00bb title_text_align_last_edited=\u00bbon|phone\u00bb title_font_size_tablet=\u00bb\u00bb title_font_size_phone=\u00bb72px\u00bb title_font_size_last_edited=\u00bbon|tablet\u00bb t_dual_text_align_tablet=\u00bb\u00bb t_dual_text_align_phone=\u00bbcenter\u00bb t_dual_text_align_last_edited=\u00bbon|phone\u00bb t_dual_font_size_tablet=\u00bb300px\u00bb t_dual_font_size_phone=\u00bb300px\u00bb t_dual_font_size_last_edited=\u00bbon|phone\u00bb t_prefix_text_align_tablet=\u00bb\u00bb t_prefix_text_align_phone=\u00bbcenter\u00bb t_prefix_text_align_last_edited=\u00bbon|phone\u00bb t_prefix_font_size_tablet=\u00bb\u00bb t_prefix_font_size_phone=\u00bb53px\u00bb t_prefix_font_size_last_edited=\u00bbon|phone\u00bb t_infix_text_align_tablet=\u00bb\u00bb t_infix_text_align_phone=\u00bbcenter\u00bb t_infix_text_align_last_edited=\u00bbon|phone\u00bb t_infix_font_size_tablet=\u00bb\u00bb t_infix_font_size_phone=\u00bb64px\u00bb t_infix_font_size_last_edited=\u00bbon|phone\u00bb t_suffix_text_align_tablet=\u00bb\u00bb t_suffix_text_align_phone=\u00bbcenter\u00bb t_suffix_text_align_last_edited=\u00bbon|phone\u00bb t_suffix_text_color_tablet=\u00bb\u00bb t_suffix_text_color_phone=\u00bb\u00bb t_suffix_text_color_last_edited=\u00bbon|phone\u00bb t_suffix_font_size_phone=\u00bb22px\u00bb t_suffix_font_size_last_edited=\u00bboff|desktop\u00bb locked=\u00bboff\u00bb global_colors_info=\u00bb{}\u00bb][\/dg_adh_heading][et_pb_text _builder_version=\u00bb4.16&#8243; _module_preset=\u00bbdefault\u00bb header_2_font=\u00bbMuli|500||on|||||\u00bb header_2_font_size=\u00bb22px\u00bb header_2_letter_spacing=\u00bb2px\u00bb header_2_line_height=\u00bb1.5em\u00bb background_layout=\u00bbdark\u00bb header_2_text_align_tablet=\u00bb\u00bb header_2_text_align_phone=\u00bbcenter\u00bb header_2_text_align_last_edited=\u00bbon|tablet\u00bb header_2_font_size_tablet=\u00bb\u00bb header_2_font_size_phone=\u00bb27px\u00bb header_2_font_size_last_edited=\u00bbon|phone\u00bb global_colors_info=\u00bb{}\u00bb]<\/p>\n<h2>COACHING EN SALUD<\/h2>\n<p>[\/et_pb_text][\/et_pb_column][\/et_pb_row][\/et_pb_section][et_pb_section fb_built=\u00bb1&#8243; next_background_color=\u00bb#ffffff\u00bb disabled_on=\u00bbon|on|off\u00bb _builder_version=\u00bb4.16&#8243; _module_preset=\u00bbdefault\u00bb background_color=\u00bb#9ed7cd\u00bb background_enable_color=\u00bboff\u00bb use_background_color_gradient=\u00bbon\u00bb background_color_gradient_direction=\u00bb90deg\u00bb background_color_gradient_stops=\u00bb#9ed7cd 83%|rgba(158,215,205,0.8) 100%\u00bb background_color_gradient_start=\u00bb#9ed7cd\u00bb background_color_gradient_start_position=\u00bb83%\u00bb background_color_gradient_end=\u00bbrgba(158,215,205,0.8)\u00bb custom_padding=\u00bb30px||30px||true|\u00bb bottom_divider_style=\u00bbwaves2&#8243; bottom_divider_height=\u00bb19px\u00bb global_colors_info=\u00bb{}\u00bb][et_pb_row _builder_version=\u00bb4.16&#8243; _module_preset=\u00bbdefault\u00bb custom_padding=\u00bb56px|||||\u00bb global_colors_info=\u00bb{}\u00bb][et_pb_column type=\u00bb4_4&#8243; _builder_version=\u00bb4.16&#8243; _module_preset=\u00bbdefault\u00bb global_colors_info=\u00bb{}\u00bb][dg_adh_heading title_prefix=\u00bbLola Casals\u00bb title_suffix=\u00bbCOACHING EN SALUD\u00bb title_suffix_block=\u00bbblock\u00bb heading_margin=\u00bb||||false|false\u00bb heading_margin_tablet=\u00bb|98px|||false|false\u00bb heading_margin_phone=\u00bb|0px|||false|false\u00bb heading_margin_last_edited=\u00bbon|phone\u00bb prefix_margin=\u00bb-82px|||65px|false|false\u00bb prefix_margin_tablet=\u00bb-70px|||52px|false|false\u00bb prefix_margin_phone=\u00bb|||40px|false|false\u00bb prefix_margin_last_edited=\u00bbon|phone\u00bb infix_margin=\u00bb-82px||||false|false\u00bb infix_margin_tablet=\u00bb-70px||||false|false\u00bb infix_margin_phone=\u00bb\u00bb infix_margin_last_edited=\u00bbon|tablet\u00bb suffix_margin=\u00bb-46px|71px|||false|false\u00bb suffix_margin_tablet=\u00bb-30px|77px|||false|false\u00bb suffix_margin_phone=\u00bb-38px|32px|||false|false\u00bb suffix_margin_last_edited=\u00bbon|phone\u00bb dual_text_margin_tablet=\u00bb|||24px|false|false\u00bb dual_text_margin_phone=\u00bb|||8px|false|false\u00bb dual_text_margin_last_edited=\u00bbon|tablet\u00bb _builder_version=\u00bb4.16&#8243; title_level=\u00bbh1&#8243; title_font=\u00bbYeseva One||||||||\u00bb title_text_color=\u00bb#ffffff\u00bb title_font_size=\u00bb84px\u00bb title_line_height=\u00bb1.3em\u00bb t_dual_font=\u00bbYeseva One||||||||\u00bb t_dual_text_color=\u00bbrgba(255,255,255,0.24)\u00bb t_dual_font_size=\u00bb382px\u00bb t_dual_line_height=\u00bb1.6em\u00bb t_prefix_font=\u00bbYeseva One||||||||\u00bb t_prefix_font_size=\u00bb60px\u00bb t_infix_font=\u00bbSusy||||||||\u00bb t_infix_text_color=\u00bb#ffffff\u00bb t_infix_font_size=\u00bb85px\u00bb t_suffix_font=\u00bbMuli||||||||\u00bb t_suffix_text_align=\u00bbright\u00bb t_suffix_font_size=\u00bb20px\u00bb t_suffix_letter_spacing=\u00bb2px\u00bb t_suffix_line_height=\u00bb1.4em\u00bb custom_margin=\u00bb10px||-3px||false|false\u00bb custom_margin_tablet=\u00bb0px||49px||false|false\u00bb custom_margin_phone=\u00bb0px||2px||false|false\u00bb custom_margin_last_edited=\u00bbon|tablet\u00bb title_text_align_tablet=\u00bb\u00bb title_text_align_phone=\u00bbcenter\u00bb title_text_align_last_edited=\u00bbon|phone\u00bb title_font_size_tablet=\u00bb\u00bb title_font_size_phone=\u00bb72px\u00bb title_font_size_last_edited=\u00bbon|tablet\u00bb t_dual_text_align_tablet=\u00bb\u00bb t_dual_text_align_phone=\u00bbcenter\u00bb t_dual_text_align_last_edited=\u00bbon|phone\u00bb t_dual_font_size_tablet=\u00bb300px\u00bb t_dual_font_size_phone=\u00bb300px\u00bb t_dual_font_size_last_edited=\u00bbon|phone\u00bb t_prefix_text_align_tablet=\u00bb\u00bb t_prefix_text_align_phone=\u00bbcenter\u00bb t_prefix_text_align_last_edited=\u00bbon|phone\u00bb t_prefix_font_size_tablet=\u00bb\u00bb t_prefix_font_size_phone=\u00bb53px\u00bb t_prefix_font_size_last_edited=\u00bbon|phone\u00bb t_infix_text_align_tablet=\u00bb\u00bb t_infix_text_align_phone=\u00bbcenter\u00bb t_infix_text_align_last_edited=\u00bbon|phone\u00bb t_infix_font_size_tablet=\u00bb\u00bb t_infix_font_size_phone=\u00bb64px\u00bb t_infix_font_size_last_edited=\u00bbon|phone\u00bb t_suffix_text_align_tablet=\u00bb\u00bb t_suffix_text_align_phone=\u00bbcenter\u00bb t_suffix_text_align_last_edited=\u00bbon|phone\u00bb t_suffix_text_color_tablet=\u00bb\u00bb t_suffix_text_color_phone=\u00bb\u00bb t_suffix_text_color_last_edited=\u00bbon|phone\u00bb t_suffix_font_size_tablet=\u00bb\u00bb t_suffix_font_size_phone=\u00bb22px\u00bb t_suffix_font_size_last_edited=\u00bbon|phone\u00bb locked=\u00bboff\u00bb global_colors_info=\u00bb{}\u00bb suffix_margin__hover_enabled=\u00bboff|desktop\u00bb prefix_margin__hover_enabled=\u00bboff|desktop\u00bb][\/dg_adh_heading][et_pb_image src=\u00bbhttps:\/\/susannaarjona.com\/wp-content\/uploads\/2020\/10\/agua-psicopedagoga-psicopedagogia-terapeuta-infantil-adolescences-adultos-astrologia-susanna-arjona-aria-vital-girona-14.png\u00bb title_text=\u00bbagua psicopedagoga psicopedagogia terapeuta infantil adolescences adultos astrologia susanna arjona aria vital girona 14&#8243; _builder_version=\u00bb4.16&#8243; _module_preset=\u00bbdefault\u00bb positioning=\u00bbabsolute\u00bb vertical_offset=\u00bb-71px\u00bb horizontal_offset=\u00bb-62px\u00bb width=\u00bb100%\u00bb max_width=\u00bb20%\u00bb filter_brightness=\u00bb200%\u00bb scroll_rotating_enable=\u00bbon\u00bb global_colors_info=\u00bb{}\u00bb][\/et_pb_image][\/et_pb_column][\/et_pb_row][\/et_pb_section][et_pb_section fb_built=\u00bb1&#8243; _builder_version=\u00bb4.16&#8243; _module_preset=\u00bbdefault\u00bb background_enable_color=\u00bboff\u00bb custom_padding=\u00bb110px||110px||true|\u00bb bottom_divider_flip=\u00bbhorizontal\u00bb global_colors_info=\u00bb{}\u00bb][et_pb_row column_structure=\u00bb1_3,2_3&#8243; _builder_version=\u00bb4.16&#8243; _module_preset=\u00bbdefault\u00bb global_colors_info=\u00bb{}\u00bb][et_pb_column type=\u00bb1_3&#8243; _builder_version=\u00bb4.16&#8243; _module_preset=\u00bbdefault\u00bb global_colors_info=\u00bb{}\u00bb][et_pb_image src=\u00bbhttps:\/\/susannaarjona.com\/wp-content\/uploads\/2021\/12\/terapia-para-parejas-en-pareja-girona-grupo-de-hombres-susana-arjona-Lola-Casals.jpg\u00bb alt=\u00bbLola Casals\u00bb title_text=\u00bbLola Casals\u00bb _builder_version=\u00bb4.16&#8243; _module_preset=\u00bbdefault\u00bb border_radii=\u00bbon|100vw|100vw|100vw|100vw\u00bb global_colors_info=\u00bb{}\u00bb][\/et_pb_image][\/et_pb_column][et_pb_column type=\u00bb2_3&#8243; _builder_version=\u00bb4.16&#8243; _module_preset=\u00bbdefault\u00bb global_colors_info=\u00bb{}\u00bb][et_pb_text _builder_version=\u00bb4.27.4&#8243; _module_preset=\u00bbdefault\u00bb header_5_line_height=\u00bb1.6em\u00bb global_colors_info=\u00bb{}\u00bb]<\/p>\n<h5>Equipo de Coaching en salud y acompa\u00f1amiento emocional<\/h5>\n<p data-start=\"74\" data-end=\"434\" class=\"\">En muchas mujeres hay desvalorizaci\u00f3n, desmerecimiento y baja autoestima en alg\u00fan aspecto de su vida, que suele tener origen en la infancia. Esto puede llevar a relaciones de dependencia o conflictivas, a no permitirnos brillar, al s\u00edndrome de la impostora, o a enfermedades varias, dependiendo de la historia de cada una. Mucho sufrimiento, en cualquier caso.<\/p>\n<p data-start=\"436\" data-end=\"831\" class=\"\">Mi prop\u00f3sito es compartir mi pasi\u00f3n, Ciencia con Alma, resultado de todo lo que he ido aprendiendo a lo largo de toda mi vida personal y profesional. Es la fusi\u00f3n entre ciencia y espiritualidad. En concreto, es la toma de consciencia de lo que vivimos, sentimos y padecemos a trav\u00e9s de nuestra Biolog\u00eda (cuerpo, mente, emociones, energ\u00eda) y la conexi\u00f3n profunda con la esencia del Ser que somos.<\/p>\n<p data-start=\"833\" data-end=\"1440\" class=\"\">A partir de 2012, mi vocaci\u00f3n me llev\u00f3 al coaching-mentor\u00eda en salud (emocional y f\u00edsica), principalmente en mujeres. Se trata de desprogramar los c\u00f3digos biol\u00f3gicos que se han generado en vivencias traum\u00e1ticas puntuales o repetitivas, que incluso pueden tener su origen antes de nacer o en nuestros ancestros. Estos se manifiestan a trav\u00e9s del cuerpo (s\u00edntomas o enfermedad), y en conductas, reacciones, pensamientos o emociones autom\u00e1ticas repetitivas. A partir de ah\u00ed, hay una comprensi\u00f3n consciente que permite resetear estos c\u00f3digos y patrones adquiridos para mejorar, sanar o vivir una transformaci\u00f3n.<\/p>\n<p data-start=\"1442\" data-end=\"1642\" class=\"\">El acompa\u00f1amiento es c\u00e1lido y amoroso. Cada proceso es \u00edntimo, \u00fanico y personalizado. La duraci\u00f3n depender\u00e1 de cada caso individual. Es complementario y compatible con cualquier terapia o tratamiento.<\/p>\n<p data-start=\"1644\" data-end=\"2047\" class=\"\"><strong data-start=\"1644\" data-end=\"1666\">Resumen biogr\u00e1fico<\/strong><br data-start=\"1666\" data-end=\"1669\" \/>En mis inicios como bi\u00f3loga trabaj\u00e9 unos a\u00f1os en investigaci\u00f3n oncol\u00f3gica en Nueva York y despu\u00e9s en Barcelona. Decid\u00ed dejar la investigaci\u00f3n celular, gen\u00e9tica y molecular para abrirme a un mundo m\u00e1s amplio y entrar en el \u00e1mbito empresarial. Estuve en Bruselas y posteriormente en Madrid, donde trabaj\u00e9 muchos a\u00f1os en la industria biofarmac\u00e9utica, principalmente en oncolog\u00eda.<\/p>\n<p data-start=\"2049\" data-end=\"2470\" class=\"\">Una separaci\u00f3n dolorosa hace m\u00e1s de 25 a\u00f1os me provoc\u00f3 una catarsis personal que me impuls\u00f3 a saber qui\u00e9n me habitaba, no me conoc\u00eda realmente. Empec\u00e9 con el yoga y no par\u00e9 de trabajar en mi desarrollo personal y espiritual. Me he nutrido de muchas fuentes y por fin supe que quer\u00eda dedicarme a acompa\u00f1ar a otras personas a conocerse, a reconectarse con su ser profundo para estar bien y para sanar a todos los niveles.<\/p>\n<p data-start=\"2472\" data-end=\"2767\" class=\"\">Ah\u00ed es cuando decid\u00ed dedicarme a ello profesionalmente y empec\u00e9 a formarme, primero en Coaching (especializada en salud), seguido de Programaci\u00f3n Neuroling\u00fc\u00edstica (PNL), Coaching Wingwave, Neurofocus, Psicooncolog\u00eda, entre otros aprendizajes como Mindfulness, Hipnosis Ericksoniana o Reconexi\u00f3n.<\/p>\n<p>&nbsp;<\/p>\n<p>[\/et_pb_text][\/et_pb_column][\/et_pb_row][\/et_pb_section]<\/p>\n","protected":false},"excerpt":{"rendered":"<div class=\"et_pb_module dg_adh_heading dg_adh_heading_0\">\n\t\t\t\t\n\t\t\t\t\n\t\t\t\t\n\t\t\t\t\n\t\t\t\t\n\t\t\t\t\n\t\t\t\t<div class=\"et_pb_module_inner\">\n\t\t\t\t\t<div class=\"dg-heading-container\">\r\n                \r\n                \r\n                <h4 class=\"dg-heading\"><span class=\"prefix\">\u00bbLola<\/span>  <\/h4>\r\n                \r\n            <\/div>\n\t\t\t\t<\/div>\n\t\t\t<\/div>","protected":false},"author":4,"featured_media":25791,"parent":24462,"menu_order":0,"comment_status":"closed","ping_status":"closed","template":"","meta":{"_et_pb_use_builder":"on","_et_pb_old_content":"","_et_gb_content_width":"","footnotes":""},"class_list":["post-25814","page","type-page","status-publish","has-post-thumbnail","hentry"],"_links":{"self":[{"href":"https:\/\/susannaarjona.com\/ca\/wp-json\/wp\/v2\/pages\/25814","targetHints":{"allow":["GET"]}}],"collection":[{"href":"https:\/\/susannaarjona.com\/ca\/wp-json\/wp\/v2\/pages"}],"about":[{"href":"https:\/\/susannaarjona.com\/ca\/wp-json\/wp\/v2\/types\/page"}],"author":[{"embeddable":true,"href":"https:\/\/susannaarjona.com\/ca\/wp-json\/wp\/v2\/users\/4"}],"replies":[{"embeddable":true,"href":"https:\/\/susannaarjona.com\/ca\/wp-json\/wp\/v2\/comments?post=25814"}],"version-history":[{"count":3,"href":"https:\/\/susannaarjona.com\/ca\/wp-json\/wp\/v2\/pages\/25814\/revisions"}],"predecessor-version":[{"id":26442,"href":"https:\/\/susannaarjona.com\/ca\/wp-json\/wp\/v2\/pages\/25814\/revisions\/26442"}],"up":[{"embeddable":true,"href":"https:\/\/susannaarjona.com\/ca\/wp-json\/wp\/v2\/pages\/24462"}],"wp:featuredmedia":[{"embeddable":true,"href":"https:\/\/susannaarjona.com\/ca\/wp-json\/wp\/v2\/media\/25791"}],"wp:attachment":[{"href":"https:\/\/susannaarjona.com\/ca\/wp-json\/wp\/v2\/media?parent=25814"}],"curies":[{"name":"wp","href":"https:\/\/api.w.org\/{rel}","templated":true}]}}