{"id":24453,"date":"2020-10-06T16:41:23","date_gmt":"2020-10-06T14:41:23","guid":{"rendered":"https:\/\/susannaarjona.com\/?page_id=24453"},"modified":"2020-10-07T08:36:13","modified_gmt":"2020-10-07T06:36:13","slug":"politica-de-cookies","status":"publish","type":"page","link":"https:\/\/susannaarjona.com\/ca\/politica-de-cookies\/","title":{"rendered":"Pol\u00edtica de Cookies"},"content":{"rendered":"<p>Nuestra pol\u00edtica de privacidad describe como recogemos, guardamos o utilizamos la informaci\u00f3n que recabamos a trav\u00e9s de los diferentes servicios o p\u00e1ginas disponibles en este sitio. Es importante que entienda que informaci\u00f3n recogemos y como la utilizamos ya que el acceso a este sitio implica la aceptaci\u00f3n nuestra pol\u00edtica de privacidad.<\/p>\n\n\n\n<p>El acceso a este puede implicar la utilizaci\u00f3n de cookies. Las cookies son peque\u00f1as cantidades de informaci\u00f3n que se almacenan en el navegador utilizado por cada usuario para que el servidor recuerde cierta informaci\u00f3n que posteriormente pueda utilizar. Esta informaci\u00f3n permite identificarle a usted como un usuario concreto y permite guardar sus preferencias personales, as\u00ed como informaci\u00f3n t\u00e9cnica como pueden ser visitas o p\u00e1ginas concretas que visite.<\/p>\n\n\n\n<p>Aquellos usuarios que no deseen recibir cookies o quieran ser informados antes de que se almacenen en su computadora, pueden configurar su navegador a tal efecto.<\/p>\n\n\n\n<p>La mayor parte de los navegadores de hoy en d\u00eda permiten la gesti\u00f3n de las cookies de 3 formas diferentes:<\/p>\n\n\n\n<p>1.Las cookies no se aceptan nunca.<br>2.El navegador pregunta al usuario si se debe aceptar cada cookie.<br>3.Las cookies se aceptan siempre.<\/p>\n\n\n\n<p>El navegador tambi\u00e9n puede incluir la posibilidad de especificar mejor qu\u00e9 cookies tienen que ser aceptadas y cu\u00e1les no. En concreto, el usuario puede normalmente aceptar alguna de las siguientes opciones:<\/p>\n\n\n\n<p>1.Rechazar las cookies de determinados dominios.<br>2.Rechazar las cookies de terceros.<br>3.Aceptar cookies como no persistentes (se eliminan cuando el navegador se cierra).<br>4.Permitir al servidor crear cookies para un dominio diferente.<\/p>\n\n\n\n<p>Dispone de m\u00e1s informaci\u00f3n sobre las Cookies en:<a href=\"https:\/\/es.wikipedia.org\/wiki\/Wikipedia:Portada\" target=\"_blank\" rel=\"noopener\"> Wikipedia<\/a><\/p>\n\n\n\n<div style=\"height:50px\" aria-hidden=\"true\" class=\"wp-block-spacer\"><\/div>\n\n\n\n<p><strong>\u00bfQu\u00e9 es una cookie?<\/strong><\/p>\n\n\n\n<p>Una cookie es un fichero&nbsp;<strong>inofensivo<\/strong>&nbsp;que se descarga en tu ordenador al acceder a determinadas p\u00e1ginas web. Las cookies permiten a una p\u00e1gina web, entre otras cosas, almacenar y recuperar informaci\u00f3n sobre los h\u00e1bitos de navegaci\u00f3n de un usuario o de su equipo y, dependiendo de la informaci\u00f3n que contengan y de la forma en que utilice su equipo.<\/p>\n\n\n\n<p>As\u00ed, hay cookies que obtienen informaci\u00f3n relacionada con el n\u00famero de p\u00e1ginas visitadas, la ciudad a la que est\u00e1 asignada la direcci\u00f3n IP desde la que se accede, el n\u00famero de nuevos usuarios, la frecuencia y reincidencia de las visitas, el tiempo de visita, el navegador, el operador o el tipo de terminal desde el que se realiza la visita.<\/p>\n\n\n\n<p><strong>\u00bfQu\u00e9 NO ES una cookie?<\/strong><\/p>\n\n\n\n<p>No es un virus, ni un troyano, ni un gusano, ni spam, ni spyware, ni abre ventanas pop-up.<\/p>\n\n\n\n<p><strong>\u00bfQu\u00e9 informaci\u00f3n almacena una cookie?<\/strong><\/p>\n\n\n\n<p>Las cookies no suelen almacenar informaci\u00f3n sensible sobre ti, como tarjetas de cr\u00e9dito o datos bancarios, fotograf\u00edas, tu DNI o informaci\u00f3n personal, etc. Los datos que guardan son de car\u00e1cter t\u00e9cnico, preferencias personales, personalizaci\u00f3n de contenidos, etc.<\/p>\n\n\n\n<p>El servidor web no te asocia como persona si no a tu navegador web. De hecho, si navegas habitualmente con Internet Explorer y pruebas a navegar por la misma web con Firefox o Chrome ver\u00e1s que la web no se da cuenta que eres la misma persona porque en realidad est\u00e1 asociando al navegador, no a la persona.<\/p>\n\n\n\n<p><strong>\u00bfQu\u00e9 ocurre si desactivo las cookies?<\/strong><\/p>\n\n\n\n<p>Para que entiendas el alcance que puede tener desactivar las cookies&nbsp;te mostramos unos ejemplos:<\/p>\n\n\n\n<ul class=\"wp-block-list\"><li>No podr\u00e1s compartir contenidos de esa web en Facebook, Twitter o cualquier otra red social.<\/li><li>El sitio web no podr\u00e1 adaptar los contenidos a tus preferencias personales, como suele ocurrir en las tiendas online.<\/li><li>No podr\u00e1s acceder al \u00e1rea personal de la web, como por ejemplo Mi cuenta, o Mi perfil o Mis pedidos.<\/li><li>Tiendas online: Te ser\u00e1 imposible realizar compras online, tendr\u00e1n que ser telef\u00f3nicas o visitando la tienda f\u00edsica si es que dispone de ella.<\/li><li>No ser\u00e1 posible personalizar tus preferencias geogr\u00e1ficas como franja horaria, divisa o idioma.<\/li><li>El sitio web no podr\u00e1 realizar anal\u00edticas web sobre visitantes y tr\u00e1fico en la web, lo que dificultar\u00e1 que la web sea competitiva.<\/li><li>No podr\u00e1s escribir en el blog, no podr\u00e1s subir fotos, publicar comentarios, valorar o puntuar contenidos. La web tampoco podr\u00e1 saber si eres un humano o una aplicaci\u00f3n automatizada que publica spam.<\/li><li>No se podr\u00e1 mostrar publicidad sectorizada, lo que reducir\u00e1 los ingresos publicitarios de la web.<\/li><li>Todas las redes sociales usan cookies, si las desactivas no podr\u00e1s utilizar ninguna red social.<\/li><\/ul>\n\n\n\n<p><strong>\u00bfQu\u00e9 tipos de cookies hay?<\/strong><\/p>\n\n\n\n<ol class=\"wp-block-list\"><li>Tipos de cookies seg\u00fan la entidad que gestione el equipo o dominio desde donde se env\u00edan las cookies y trate los datos que se obtengan, podemos distinguir:<\/li><\/ol>\n\n\n\n<ul class=\"wp-block-list\"><li>Cookies propias: Son aqu\u00e9llas que se env\u00edan al equipo terminal del usuario desde un equipo o dominio gestionado por el propio editor y desde el que se presta el servicio solicitado por el usuario.<\/li><li>Cookies de terceros: Son aqu\u00e9llas que se env\u00edan al equipo terminal del usuario desde un equipo o dominio que no es gestionado por el editor, sino por otra entidad que trata los datos obtenidos trav\u00e9s de las cookies.<\/li><\/ul>\n\n\n\n<p>En el caso de que las cookies sean instaladas desde un equipo o dominio gestionado por el propio editor pero la informaci\u00f3n que se recoja mediante \u00e9stas sea gestionada por un tercero, no pueden ser consideradas como cookies propias.<\/p>\n\n\n\n<p><strong>Cookie DART<\/strong><\/p>\n\n\n\n<ul class=\"wp-block-list\"><li>Google, como proveedor asociado, utiliza cookies para publicar anuncios en susannaarjona.com.<\/li><li>Puedes inhabilitar el uso de la cookie de DART del sistema de anuncios de Google accediendo al&nbsp;<a href=\"http:\/\/www.doubleclick.com\/privacy\/faq.aspx\" target=\"_blank\" rel=\"noopener\">centro de privacidad de Google<\/a>.<\/li><\/ul>\n\n\n\n<p>Adem\u00e1s, los navegadores pueden tambi\u00e9n permitir a los usuarios ver y borrar&nbsp;cookies&nbsp;individualmente.<\/p>\n\n\n\n<p>Dispones de m\u00e1s informaci\u00f3n sobre las&nbsp;Cookies&nbsp;en:&nbsp;<a href=\"http:\/\/es.wikipedia.org\/wiki\/Cookie\" target=\"_blank\" rel=\"noopener\">Wikipedia<\/a><\/p>\n\n\n\n<p><strong>Web&nbsp;Beacons<\/strong><\/p>\n\n\n\n<p>Este sitio puede albergar tambi\u00e9n&nbsp;web beacons&nbsp;(tambi\u00e9n conocidos como&nbsp;web bugs). Los&nbsp;web beacons&nbsp;suelen ser peque\u00f1as im\u00e1genes de un pixel por un pixel, visibles o invisibles colocados dentro del c\u00f3digo fuente de las p\u00e1ginas web de un sitio. Los&nbsp;web beacons&nbsp;sirven y se utilizan de una forma similar a las&nbsp;cookies. Adem\u00e1s, los&nbsp;web beacons&nbsp;suelen utilizarse para medir el tr\u00e1fico de usuarios que visitan una p\u00e1gina web y poder sacar un patr\u00f3n de los usuarios de un sitio.<\/p>\n\n\n\n<p>Dispones de m\u00e1s informaci\u00f3n sobre los&nbsp;web beacons&nbsp;en:&nbsp;<a href=\"http:\/\/es.wikipedia.org\/wiki\/Web_bug\" target=\"_blank\" rel=\"noopener\">Wikipedia<\/a><\/p>\n\n\n\n<p><strong>Cookies de terceros<\/strong><\/p>\n\n\n\n<p>En algunos casos, compartimos informaci\u00f3n sobre los visitantes de este sitio de forma an\u00f3nima o agregada con terceros como puedan ser anunciantes, patrocinadores o auditores con el \u00fanico fin de mejorar nuestros servicios. Todas estas tareas de procesamiento ser\u00e1n reguladas seg\u00fan las normas legales y se respetar\u00e1n todos sus derechos en materia de protecci\u00f3n de datos conforme a la regulaci\u00f3n vigente.<\/p>\n\n\n\n<p>Este sitio mide el tr\u00e1fico con diferentes soluciones que pueden utilizar&nbsp;cookies&nbsp;o&nbsp;web beacons&nbsp;para analizar lo que sucede en nuestras p\u00e1ginas. Actualmente utilizamos las siguientes soluciones para la medici\u00f3n del tr\u00e1fico de este sitio. Puede ver m\u00e1s informaci\u00f3n sobre la pol\u00edtica de privacidad de cada una de las soluciones utilizadas para tal efecto:<\/p>\n\n\n\n<ul class=\"wp-block-list\"><li><a href=\"http:\/\/www.google.com\/intl\/es\/policies\/privacy\/partners\/\" target=\"_blank\" rel=\"noopener\">C\u00f3mo usa Google los datos que recopila en los sitios web<\/a><\/li><li>Google (Analytics):&nbsp;<a href=\"http:\/\/www.google.com\/intl\/es_ALL\/privacypolicy.html\" target=\"_blank\" rel=\"noopener\">Pol\u00edtica de Privacidad de Google Analytics<\/a>&nbsp;(si lo deseas puedes inhabilitar el seguimiento de Google Analytics mediante <a href=\"https:\/\/tools.google.com\/dlpage\/gaoptout\" target=\"_blank\" rel=\"noopener\">este complemente para el navegador ofrecido por Google<\/a>)<\/li><\/ul>\n\n\n\n<p>Este sitio tambi\u00e9n puede albergar publicidad propia, de afiliados, o de redes publicitarias. Esta publicidad se muestra mediante servidores publicitarios que tambi\u00e9n utilizan&nbsp;cookies&nbsp;para mostrar contenidos publicitarios afines a los usuarios. Cada uno de estos servidores publicitarios dispone de su propia pol\u00edtica de privacidad, que puede ser consultada en sus propias p\u00e1ginas web.<\/p>\n\n\n\n<p><strong>\u00bfQu\u00e9 tipos de cookies se utilizan en esta p\u00e1gina web?<\/strong><\/p>\n\n\n\n<p>Al acceder a la web susannaarjona.com te informamos que si sigues navegando se te instalar\u00e1n diversas cookies&nbsp;propias y de terceros&nbsp;correspondientes a las anal\u00edticas de la web (a modo de ejemplo: Google Analytics o herramientas similares) para ayudar al sitio web a analizar el uso que haces del sitio web y mejorar la usabilidad del mismo, pero en ning\u00fan caso se asocian a datos que pudieran llegar a identificarte. Los datos que guardan son de car\u00e1cter t\u00e9cnico, preferencias personales, personalizaci\u00f3n de contenidos, etc. El servidor web no te asocia como persona sino a tu navegador web<\/p>\n\n\n\n<p>Esta web se utiliza cookies propias y de terceros para conseguir que tengas una mejor experiencia de navegaci\u00f3n, puedas compartir contenido en redes sociales, dejar comentarios y para obtener estad\u00edsticas de nuestros usuarios.<\/p>\n\n\n\n<p>Como usuario, puedes rechazar el tratamiento de los datos o la informaci\u00f3n bloqueando estas cookies mediante la configuraci\u00f3n apropiada de su navegador. Sin embargo, debes saber que si lo haces,&nbsp; este sitio puede no funcionar adecuadamente.<\/p>\n\n\n\n<p>Por eso es importante que leas la presente pol\u00edtica de cookies y comprendas que si contin\u00faas navegando, consideramos que aceptas su uso. Puedes cambiar la configuraci\u00f3n de tu navegador para ser avisado de la recepci\u00f3n de cookies en tu dispositivo o desactivar si lo deseas la capacidad de almacenar dichas cookies en tu dispositivo.<\/p>\n\n\n\n<p>A continuaci\u00f3n se incluye la siguiente tabla, \u00fanicamente con car\u00e1cter ejemplificativo, con identificaci\u00f3n de las cookies m\u00e1s relevantes utilizadas en este sitio web, as\u00ed como si son propias o de terceros (e identificaci\u00f3n del tercero contratado o cuyos servicios se han decidido utilizar) y su finalidad<\/p>\n\n\n\n<figure class=\"wp-block-table\"><table><tbody><tr><td>Cookies propias<\/td><td><br><\/td><td><br><\/td><\/tr><tr><td>Cookies<\/td><td>Informaci\u00f3n (*)<\/td><td>Finalidad<\/td><\/tr><tr><td>Estrictamente necesarias<\/td><td>C. de entrada del usuario C. de sesi\u00f3n de autenticaci\u00f3n o identificaci\u00f3n del usuario C. de seguridad del usuario C. de sesi\u00f3n de reproductor multimedia C. de sesi\u00f3n para equilibrar la cargaC. de personalizaci\u00f3n de la interfaz de usuario C. de complemento (plug-in) para compartir e intercambiar contenidos sociales (Facebook y twitter) C. para rellenar los formularios. del sistema de comentarios Disqus. que recuerda la aceptaci\u00f3n de cookies<\/td><td>Sirven para ofrecer servicios o recordar configuraciones para mejorar su experiencia de navegaci\u00f3n en nuestro sitio web.<\/td><\/tr><\/tbody><\/table><\/figure>\n\n\n\n<figure class=\"wp-block-table\"><table><tbody><tr><td>Cookies de Terceros:<\/td><td><br><\/td><td><br><\/td><td><br><\/td><td><br><\/td><\/tr><tr><td>Cookies<\/td><td><br><\/td><td>Informaci\u00f3n (*)<\/td><td>Finalidad<\/td><td><br><\/td><\/tr><tr><td>Anal\u00edticasGoogle Analitycs,<\/td><td>N\u00famero de visitas, p\u00e1ginas o secciones visitadas, tiempo de navegaci\u00f3n, sitios visitados antes de entrar en esta p\u00e1gina, detalles sobre los navegadores usados<\/td><td><br><\/td><td>Informes estad\u00edsticos sobre el tr\u00e1fico del sitio web, su audiencia total y la audiencia en una determinada campa\u00f1a publicitaria<\/td><td><br><\/td><\/tr><tr><td><br><\/td><td><br><\/td><td><br><\/td><td><br><\/td><td><br><\/td><\/tr><tr><td>PublicidadGoogle, Inc. (_cfduid)<\/td><td>Preferencias del usuario, informaci\u00f3n sobre la interacci\u00f3n con el sitio web (servicio solicitado, fecha y hora), tipo de navegador y lenguaje, localizaci\u00f3n geogr\u00e1fica)<\/td><td><br><\/td><td>Mejorar y gestionar la exposici\u00f3n de anuncios publicitarios al usuario evitando que aparezcan anuncios que ya ha visto<\/td><td><br><\/td><\/tr><tr><td><br><\/td><td><br><\/td><td><br><\/td><td><br><\/td><td><br><\/td><\/tr><tr><td>Publicidad comportamental<\/td><td>Informaci\u00f3n sobre Participaci\u00f3n Social y Seguimiento de usuarios.<\/td><td><br><\/td><td>El objetivo principal de las cookies de este host es:&nbsp;Orientaci\u00f3n \/ Publicidad<\/td><td><br><\/td><\/tr><tr><td>TSe9a623 Apache PYPF<\/td><td><br><\/td><td>Cookies t\u00e9cnicas. Refuerzan la seguridad en el acceso a la plataforma de pagos PayPal. Pueden enlazar con paypalobjects.com.<\/td><td>Cookies t\u00e9cnicas. Refuerzan la seguridad en el acceso a la plataforma de pagos PayPal. Pueden enlazar con paypalobjects.com.<\/td><td><br><\/td><\/tr><\/tbody><\/table><\/figure>\n\n\n\n<figure class=\"wp-block-table\"><table><tbody><tr><td>PayPal<\/td><\/tr><\/tbody><\/table><\/figure>\n\n\n\n<p>Tambi\u00e9n existen cookies correspondientes a las&nbsp;redes sociales que utiliza esta web&nbsp; tienen sus propias pol\u00edticas de cookies.<\/p>\n\n\n\n<ul class=\"wp-block-list\"><li>Cookie de Twitter, seg\u00fan lo dispuesto en su&nbsp;<a href=\"https:\/\/twitter.com\/privacy\" target=\"_blank\" rel=\"noopener\">pol\u00edtica de privacidad y uso de cookies<\/a>.<\/li><li>Cookie de Facebook, seg\u00fan lo dispuesto en su&nbsp;<a href=\"https:\/\/www.facebook.com\/help\/cookies?ref_type=sitefooter\" target=\"_blank\" rel=\"noopener\">pol\u00edtica de Cookies<\/a><\/li><li>Cookie de Google+ y Google Maps, seg\u00fan lo dispuesto en su p\u00e1gina sobre qu\u00e9&nbsp;<a href=\"http:\/\/www.google.com\/intl\/es\/policies\/technologies\/types\/\" target=\"_blank\" rel=\"noopener\">tipo de cookies utilizan<\/a><\/li><li>Cookie de Pinterest, seg\u00fan lo dispuesto en su&nbsp;<a href=\"https:\/\/about.pinterest.com\/es\/privacy-policy\" target=\"_blank\" rel=\"noopener\">Pol\u00edtica de privacidad y uso de cookies<\/a><\/li><li>Cookie de Gravatar, seg\u00fan lo dispuesto en <a href=\"http:\/\/automattic.com\/privacy\/\" target=\"_blank\" rel=\"noopener\">la pol\u00edtica de privacidad de la empresa Automattic<\/a>.<\/li><\/ul>\n\n\n\n<p><strong>\u00bfC\u00f3mo se gestionan las cookies?<\/strong><\/p>\n\n\n\n<p>Puesto que las cookies son archivos de texto normales, se pueden explorar con la mayor\u00eda de editores de texto o programas de procesamiento de texto. Puede hacer clic en una cookie para abrirla. A continuaci\u00f3n, se indica una lista de enlaces sobre c\u00f3mo ver cookies en diferentes navegadores. Si utiliza otro navegador, consulte la informaci\u00f3n sobre cookies en el propio navegador. Si utiliza un tel\u00e9fono m\u00f3vil, consulte el manual del dispositivo para obtener m\u00e1s informaci\u00f3n.<\/p>\n\n\n\n<ul class=\"wp-block-list\"><li>Firefox:&nbsp;<a href=\"https:\/\/support.mozilla.org\/en-US\/kb\/cookies-information-websites-store-on-your-computer\" target=\"_blank\" rel=\"noopener\">https:\/\/support.mozilla.org\/en-US\/kb\/cookies-information-websites-store-on-your-computer<\/a><\/li><li>Chrome:&nbsp;<a href=\"https:\/\/support.google.com\/chrome\/bin\/answer.py?hl=en&amp;answer=95647&amp;topic=14666&amp;ctx=topic\" target=\"_blank\" rel=\"noopener\">https:\/\/support.google.com\/chrome\/bin\/answer.py?hl=en&amp;answer=95647&amp;topic=14666&amp;ctx=topic<\/a><\/li><li>Internet Explorer 8-10:&nbsp;<a href=\"http:\/\/windows.microsoft.com\/en-US\/internet-explorer\/delete-manage-cookies\" target=\"_blank\" rel=\"noopener\">http:\/\/windows.microsoft.com\/en-US\/internet-explorer\/delete-manage-cookies<\/a><\/li><li>Safari:&nbsp;<a href=\"http:\/\/support.apple.com\/kb\/ph5042\" target=\"_blank\" rel=\"noopener\">http:\/\/support.apple.com\/kb\/ph5042<\/a><\/li><li>Opera: <a href=\"http:\/\/help.opera.com\/Windows\/12.00\/es-ES\/cookies.html\" target=\"_blank\" rel=\"noopener\">http:\/\/help.opera.com\/Windows\/12.00\/es-ES\/cookies.html<\/a><\/li><\/ul>\n\n\n\n<p><strong>Configuraci\u00f3n de cookies para los navegadores m\u00e1s populares<\/strong><\/p>\n\n\n\n<p>A continuaci\u00f3n te indicamos c\u00f3mo acceder a una cookie determinada del navegador <strong>Chrome<\/strong>. Nota: estos pasos pueden variar en funci\u00f3n de la versi\u00f3n del navegador:<\/p>\n\n\n\n<ol class=\"wp-block-list\"><li>Ve a Configuraci\u00f3n o Preferencias mediante el men\u00fa Archivo o bien pinchando el icono de personalizaci\u00f3n que aparece arriba a la derecha.<\/li><li>Ver\u00e1s diferentes secciones, pincha la opci\u00f3n Mostrar opciones avanzadas.<\/li><li>Ve a Privacidad, Configuraci\u00f3n de contenido.<\/li><li>Selecciona&nbsp;Todas las cookies y los datos de sitios.<\/li><li>Aparecer\u00e1 un listado con todas las cookies ordenadas por dominio. Para que te sea m\u00e1s f\u00e1cil encontrar las cookies de un determinado dominio introduzca parcial o totalmente la direcci\u00f3n en el campo Buscar cookies.<\/li><li>Tras realizar este filtro aparecer\u00e1n en pantalla una o varias l\u00edneas con las cookies de la web solicitada. Ahora s\u00f3lo tienes que seleccionarla y pulsar la X para proceder a su eliminaci\u00f3n.<\/li><\/ol>\n\n\n\n<p>Para acceder a la configuraci\u00f3n de cookies del navegador <strong>Internet Explorer<\/strong> sigue estos pasos (pueden variar en funci\u00f3n de la versi\u00f3n del navegador):<\/p>\n\n\n\n<ol class=\"wp-block-list\"><li>Ve a Herramientas, Opciones de Internet<\/li><li>Haz clic en Privacidad.<\/li><li>Mueve el deslizador hasta ajustar el nivel de privacidad que desees.<\/li><\/ol>\n\n\n\n<p>Para acceder a la configuraci\u00f3n de cookies del navegador <strong>Firefox<\/strong> sigue estos pasos (pueden variar en funci\u00f3n de la versi\u00f3n del navegador):<\/p>\n\n\n\n<ol class=\"wp-block-list\"><li>Ve a Opciones o Preferencias seg\u00fan tu sistema operativo.<\/li><li>Haz clic en Privacidad.<\/li><li>En Historial elige&nbsp;Usar una configuraci\u00f3n personalizada para el historial.<\/li><li>Ahora ver\u00e1s la opci\u00f3n Aceptar cookies, puedes activarla o desactivarla seg\u00fan tus preferencias.<\/li><\/ol>\n\n\n\n<p>Para acceder a la configuraci\u00f3n de cookies del navegador <strong>Safari para OSX<\/strong> sigue estos pasos (pueden variar en funci\u00f3n de la versi\u00f3n del navegador):<\/p>\n\n\n\n<ol class=\"wp-block-list\"><li>Ve a Preferencias, luego Privacidad.<\/li><li>En este lugar ver\u00e1s la opci\u00f3n Bloquear cookies para que ajuste el tipo de bloqueo que deseas realizar.<\/li><\/ol>\n\n\n\n<p>Para acceder a la configuraci\u00f3n de cookies del navegador <strong>Safari para iOS<\/strong> sigue estos pasos (pueden variar en funci\u00f3n de la versi\u00f3n del navegador):<\/p>\n\n\n\n<ol class=\"wp-block-list\"><li>Ve a Ajustes, luego Safari.<\/li><li>Ve a Privacidad y Seguridad, ver\u00e1s la opci\u00f3n Bloquear cookies para que ajuste el tipo de bloqueo que deseas realizar.<\/li><\/ol>\n\n\n\n<p>Para acceder a la configuraci\u00f3n de cookies del navegador para dispositivos <strong>Android<\/strong> sigue estos pasos (pueden variar en funci\u00f3n de la versi\u00f3n del navegador):<\/p>\n\n\n\n<ol class=\"wp-block-list\"><li>Ejecuta el navegador y pulsa la tecla Men\u00fa, luego Ajustes.<\/li><li>Ve a Seguridad y Privacidad, ver\u00e1s la opci\u00f3n Aceptar cookies para que active o desactive la casilla.<\/li><\/ol>\n\n\n\n<p>Para acceder a la configuraci\u00f3n de cookies del navegador para dispositivos <strong>Windows Phone<\/strong> sigue estos pasos (pueden variar en funci\u00f3n de la versi\u00f3n del navegador):<\/p>\n\n\n\n<ol class=\"wp-block-list\"><li>Abre&nbsp;Internet Explorer, luego M\u00e1s, luego Configuraci\u00f3n<\/li><li>Ahora puedes activar o desactivar la casilla Permitir cookies.<\/li><\/ol>\n\n\n\n<p><strong>Do Not Track<\/strong><\/p>\n\n\n\n<p>susannaarjona.com ha adecuado el sitio web al est\u00e1ndar&nbsp;<a href=\"http:\/\/donottrack.us\/\" target=\"_blank\" rel=\"noopener\">Do Not Track<\/a>&nbsp;para garantizar mayor privacidad a los usuarios que hayan&nbsp;<a href=\"http:\/\/dnt.mozilla.org\/\" target=\"_blank\" rel=\"noopener\">activado dicha opci\u00f3n en su navegador<\/a>.<\/p>\n\n\n\n<p>Este sitio web excluye autom\u00e1ticamente del seguimiento de Google Analytics a los usuarios que env\u00eden la <a href=\"https:\/\/ayudawp.com\/rgpd-google-analytics-y-wordpress-tengo-que-hacer-algo-al-respecto\/\" target=\"_blank\" rel=\"noopener\">cabecera Do Not Track<\/a>, y es compatible con la aceptaci\u00f3n expresa de las mismas.<\/p>\n\n\n\n<p>Si lo deseas puedes inhabilitar el seguimiento de Google Analytics mediante <a href=\"https:\/\/tools.google.com\/dlpage\/gaoptout\" target=\"_blank\" rel=\"noopener\">este complemento para el navegador ofrecido por Google<\/a><\/p>\n\n\n\n<p><strong>Notas adicionales<\/strong><\/p>\n\n\n\n<ul class=\"wp-block-list\"><li>Ni esta web ni sus representantes legales se hacen responsables ni del contenido ni de la veracidad de las pol\u00edticas de privacidad que puedan tener los terceros mencionados en esta pol\u00edtica de cookies.<\/li><li>Los navegadores web son las herramientas encargadas de almacenar las cookies y desde este lugar debe efectuar su derecho a eliminaci\u00f3n o desactivaci\u00f3n de las mismas. Ni esta web ni sus representantes legales pueden garantizar la correcta o incorrecta manipulaci\u00f3n de las cookies por parte de los mencionados navegadores.<\/li><li>En algunos casos es necesario instalar cookies para que el navegador no olvide tu decisi\u00f3n de no aceptaci\u00f3n de las mismas.<\/li><li>En el caso de las cookies de Google Analytics, esta empresa almacena las cookies en servidores ubicados en Estados Unidos y se compromete a no compartirla con terceros, excepto en los casos en los que sea necesario para el funcionamiento del sistema o cuando la ley obligue a tal efecto. Seg\u00fan Google no guarda su direcci\u00f3n IP. Google Inc. es una compa\u00f1\u00eda adherida al Acuerdo de Puerto Seguro que garantiza que todos los datos transferidos ser\u00e1n tratados con un nivel de protecci\u00f3n acorde a la normativa europea.<\/li><li>Para cualquier duda o consulta acerca de esta pol\u00edtica de cookies no dudes en comunicarte con nosotros a trav\u00e9s de la secci\u00f3n de contacto.<\/li><\/ul>\n\n\n\n<div style=\"height:100px\" aria-hidden=\"true\" class=\"wp-block-spacer\"><\/div>","protected":false},"excerpt":{"rendered":"<p>Nuestra pol\u00edtica de privacidad describe como recogemos, guardamos o utilizamos la informaci\u00f3n que recabamos a trav\u00e9s de los diferentes servicios o p\u00e1ginas disponibles en este sitio. Es importante que entienda que informaci\u00f3n recogemos y como la utilizamos ya que el acceso a este sitio implica la aceptaci\u00f3n nuestra pol\u00edtica de privacidad. El acceso a este [&hellip;]<\/p>\n","protected":false},"author":4,"featured_media":0,"parent":0,"menu_order":0,"comment_status":"closed","ping_status":"closed","template":"page-template-blank.php","meta":{"_et_pb_use_builder":"off","_et_pb_old_content":"","_et_gb_content_width":"1080","footnotes":""},"class_list":["post-24453","page","type-page","status-publish","hentry"],"_links":{"self":[{"href":"https:\/\/susannaarjona.com\/ca\/wp-json\/wp\/v2\/pages\/24453","targetHints":{"allow":["GET"]}}],"collection":[{"href":"https:\/\/susannaarjona.com\/ca\/wp-json\/wp\/v2\/pages"}],"about":[{"href":"https:\/\/susannaarjona.com\/ca\/wp-json\/wp\/v2\/types\/page"}],"author":[{"embeddable":true,"href":"https:\/\/susannaarjona.com\/ca\/wp-json\/wp\/v2\/users\/4"}],"replies":[{"embeddable":true,"href":"https:\/\/susannaarjona.com\/ca\/wp-json\/wp\/v2\/comments?post=24453"}],"version-history":[{"count":0,"href":"https:\/\/susannaarjona.com\/ca\/wp-json\/wp\/v2\/pages\/24453\/revisions"}],"wp:attachment":[{"href":"https:\/\/susannaarjona.com\/ca\/wp-json\/wp\/v2\/media?parent=24453"}],"curies":[{"name":"wp","href":"https:\/\/api.w.org\/{rel}","templated":true}]}}