{"id":24451,"date":"2020-10-06T16:40:26","date_gmt":"2020-10-06T14:40:26","guid":{"rendered":"https:\/\/susannaarjona.com\/?page_id=24451"},"modified":"2020-10-07T08:35:44","modified_gmt":"2020-10-07T06:35:44","slug":"politica-de-privacidad","status":"publish","type":"page","link":"https:\/\/susannaarjona.com\/ca\/politica-de-privacidad\/","title":{"rendered":"Pol\u00edtica de Privacidad"},"content":{"rendered":"<p><strong>TITULAR DE LA WEB<\/strong><\/p>\n\n\n\n<ul class=\"wp-block-list\"><li>Su denominaci\u00f3n social es: Susanna Arjona<\/li><li>Su NIF:&nbsp;40326567T<\/li><li>Su domicilio social est\u00e1: Carrer de la Creu, 20 entresol 4\u00aa, 17002 Girona<\/li><li>Marca identificativa: Susanna Arjona \u00b7 AriaVital<\/li><li>Su actividad social es: Psicopedagog\u00eda, psicoterapia y formadora<\/li><li>Correo electr\u00f3nico: <a href=\"mailto:info@susannaarjona.com\">info@susannaarjona.com<\/a><\/li><li>Finalidad de la p\u00e1gina web: informaci\u00f3n, consulta y la atenci\u00f3n de solicitudes de diversa \u00edndole por parte del Usuario.<\/li><li>P\u00e1ginas de susannaarjona.com (en adelante Susanna Arjona): susannaarjona.com<\/li><\/ul>\n\n\n\n<p><strong>PROTECCI\u00d3N DE DATOS PERSONALES<\/strong><\/p>\n\n\n\n<p><strong>Responsable del tratamiento<\/strong><\/p>\n\n\n\n<p><strong>Datos de contacto del responsable:<\/strong>&nbsp;Susanna Arjona, 40326567T, en Campllong, (C.P., 17457), provincia de Girona, P\u00ba.,Campllong, n\u00ba., 9.&nbsp;<\/p>\n\n\n\n<p><strong>Datos de contacto de Responsable de Seguridad:<\/strong>&nbsp;Susanna Arjona info@susannaarjona.com, tel\u00e9fono&nbsp; 60687406.<\/p>\n\n\n\n<p><strong>TUS DERECHOS DE PROTECCI\u00d3N DE DATOS<\/strong><\/p>\n\n\n\n<p><strong>C\u00f3mo ejercitar los derechos:<\/strong>&nbsp;Puedes dirigir una comunicaci\u00f3n por escrito al domicilio social de Susanna Arjona&nbsp; o a la direcci\u00f3n de correo electr\u00f3nico indicado en el encabezamiento de este aviso legal, incluyendo en ambos casos fotocopia de su DNI u otro documento identificativo similar, para solicitar el ejercicio de los derechos siguientes:<\/p>\n\n\n\n<ul class=\"wp-block-list\"><li>Derecho a solicitar el acceso a los datos personales: podr\u00e1s preguntar a Susanna Arjona&nbsp; si esta empresa est\u00e1 tratando tus datos.<\/li><li>Derecho a solicitar su rectificaci\u00f3n (en caso de que sean incorrectos) o supresi\u00f3n.<\/li><li>Derecho a solicitar la limitaci\u00f3n de su tratamiento, en cuyo caso \u00fanicamente ser\u00e1n conservados por Susanna Arjona&nbsp; para el ejercicio o la defensa de reclamaciones.<\/li><li>Derecho a oponerse al tratamiento: Susanna Arjona&nbsp; dejar\u00e1&nbsp;de tratar los datos en la forma que indiques, salvo que por motivos leg\u00edtimos imperiosos&nbsp;o&nbsp;el ejercicio o la defensa de posibles reclamaciones se tengan que seguir tratando.<\/li><li>Derecho a la portabilidad de los datos: en caso de que quieras que tus datos sean tratados por otra firma, Susanna Arjona&nbsp; te facilitar\u00e1 la portabilidad de tus datos al nuevo responsable.<\/li><\/ul>\n\n\n\n<p><strong>Posibilidad de retirar el consentimiento:<\/strong>&nbsp;en el caso de que hayas otorgado el consentimiento para alguna finalidad espec\u00edfica, tienes derecho a retirarlo en cualquier momento, sin que ello afecte a la licitud del tratamiento basado en el consentimiento previo a su retirada.<\/p>\n\n\n\n<p><strong>C\u00f3mo reclamar ante la Autoridad de Control:<\/strong>&nbsp;Si consideras que hay un problema con la forma en que Susanna Arjona&nbsp; est\u00e1 manejando tus datos, puedes dirigir tus reclamaciones al Responsable de Seguridad de Susanna Arjona&nbsp; (indicado arriba),<\/p>\n\n\n\n<p>Derecho al olvido y acceso a tus datos personales.<\/p>\n\n\n\n<p>En todo momento tendr\u00e1s derecho a revisar, recuperar, anonimizar y\/o borrar, total o parcialmente, los datos almacenados en el Sitio Web. Solo tienes que enviar un correo electr\u00f3nico a info@susannaarjona.com y solicitarlo.&nbsp;<\/p>\n\n\n\n<p><strong>Conservaci\u00f3n de los datos<\/strong><\/p>\n\n\n\n<p><strong>Datos desagregados:<\/strong>&nbsp;Los datos desagregados ser\u00e1n conservados sin plazo de supresi\u00f3n.<\/p>\n\n\n\n<p><strong>Datos de los suscriptores a la newsletter:<\/strong>&nbsp;Desde que el usuario se suscribe hasta que se da de baja.<\/p>\n\n\n\n<p><strong>Datos de usuarios subidos por <\/strong>Susanna Arjona&nbsp;<strong> a p\u00e1ginas y perfiles en&nbsp;redes sociales:<\/strong>&nbsp;Desde que el usuario ofrece su consentimiento hasta que lo retira.<\/p>\n\n\n\n<p><strong>Secreto y seguridad de los datos<\/strong><\/p>\n\n\n\n<p>El sitio Web se compromete en la utilizaci\u00f3n de los datos incluidos en el fichero, a respetar su confidencialidad y a utilizarlos de acuerdo con la finalidad del mismo, as\u00ed como a dar cumplimiento a su obligaci\u00f3n de guardarlos y adaptar todas las medidas para evitar la alteraci\u00f3n, p\u00e9rdida, tratamiento o acceso no autorizado, de conformidad con lo establecido en el Real Decreto 1720\/2007 de 21 de diciembre por el que se aprueba el Reglamento de desarrollo de la Ley Org\u00e1nica 15\/1999 de 13 de diciembre, de Protecci\u00f3n de Datos de Car\u00e1cter Personal.<\/p>\n\n\n\n<p>T\u00fa garantizas que los datos personales facilitados a trav\u00e9s de los formulario son veraces, quedando obligado a comunicar cualquier modificaci\u00f3n de los mismos. Igualmente, garantizas que toda la informaci\u00f3n facilitada corresponde con tu situaci\u00f3n real, que est\u00e1 puesta al d\u00eda y es exacta.<\/p>\n\n\n\n<p>Adem\u00e1s debes mantener en todo momento tus datos actualizados, siendo el \u00fanico responsable de la inexactitud o falsedad de los datos facilitados y de los perjuicios que pueda causar por ello a Susanna Arjona&nbsp; como titular del Sitio Web, o a terceros con motivo de la utilizaci\u00f3n de dicho.<\/p>\n\n\n\n<p><strong>Brechas de seguridad<\/strong><\/p>\n\n\n\n<p>Susanna Arjona&nbsp; adopta medidas de seguridad razonablemente adecuadas para detectar la existencia de virus. No obstante, debes ser consciente de que las medidas de seguridad de los sistemas inform\u00e1ticos en Internet no son enteramente fiables y que, por tanto Susanna Arjona &nbsp;no puede garantizar la inexistencia de virus u otros elementos que puedan producir alteraciones en los sistemas inform\u00e1ticos (software y hardware) del Usuario o en sus documentos electr\u00f3nicos y ficheros contenidos en los mismos.<\/p>\n\n\n\n<p>Tambi\u00e9n, Susanna Arjona&nbsp; dispone de un sistema de vigilancia de seguridad activo que informa de cada actividad de los usuarios y posibles brechas en la seguridad de los datos de los usuarios. En caso de detectarse alguna brecha Susanna Arjona&nbsp; se compromete a <strong>informar a los usuarios en el plazo m\u00e1ximo de 72 horas<\/strong>.<\/p>\n\n\n\n<p><strong>QU\u00c9 INFORMACI\u00d3N RECABAMOS DE LOS USUARIOS Y PARA QU\u00c9 LOS&nbsp;<\/strong><\/p>\n\n\n\n<p><strong>UTILIZAMOS<\/strong><\/p>\n\n\n\n<p>Todos los servicios ofertados en el sitio web Susanna Arjona&nbsp; remiten a formularios de contacto, formularios de comentarios y suscripci\u00f3n a newsletter. Este Sitio Web siempre requiere el consentimiento previo de los usuarios para tratar sus datos personales con los fines indicados.<\/p>\n\n\n\n<p>Tienes derecho a revocar tu consentimiento previo en cualquier momento.<\/p>\n\n\n\n<p><strong>Registro de actividades de tratamiento de los datos<\/strong><\/p>\n\n\n\n<p><strong>Web y hosting:<\/strong>&nbsp;El Sitio Web de Susanna Arjona&nbsp; cuenta con un cifrado SSL TLS v.1.2 que permite el env\u00edo seguro de datos personales a trav\u00e9s de formularios de contacto de tipo est\u00e1ndar,&nbsp;alojados en los servidores&nbsp;que&nbsp;Susanna Arjona&nbsp; ha contratado a&nbsp;AFX Solutions.<\/p>\n\n\n\n<p><strong>Datos recabados a trav\u00e9s de la web:<\/strong>&nbsp;Los datos personales recogidos ser\u00e1n objeto de tratamiento automatizado e incorporados a los correspondientes ficheros de los que Susanna Arjona&nbsp; es titular.<\/p>\n\n\n\n<ul class=\"wp-block-list\"><li>Nos llegar\u00e1 tu IP, que ser\u00e1 usada para comprobar el origen del mensaje con objeto de ofrecerte informaci\u00f3n, protecci\u00f3n contra comentarios SPAM y para detectar posibles irregularidades (por ejemplo: partes opuestas del mismo caso escriben en el sitio web desde la misma IP), as\u00ed como datos relativos a su ISP.<\/li><li>Asimismo, podr\u00e1s facilitarnos tus datos a trav\u00e9s correo electr\u00f3nico y otros medios de comunicaci\u00f3n indicados en la secci\u00f3n de&nbsp;contacto.<\/li><\/ul>\n\n\n\n<p>Formularios de Contacto.<\/p>\n\n\n\n<p>Finalidad: Facilitarle un medio para que pueda ponerse en contacto con nosotros y contestar a sus solicitudes de informaci\u00f3n, as\u00ed como enviarle comunicaciones de nuestros productos, servicios y actividades, inclusive por medios electr\u00f3nicos (correo electr\u00f3nico, SMS, WhatsApp, Telegram), si marca la casilla de aceptaci\u00f3n.<\/p>\n\n\n\n<p>Legitimaci\u00f3n: El consentimiento del usuario al solicitarnos informaci\u00f3n a trav\u00e9s de nuestro formulario de contactos y al marcar la casilla de aceptaci\u00f3n de env\u00edo de informaci\u00f3n.<\/p>\n\n\n\n<p>Conservaci\u00f3n: Una vez resuelta su solicitud por medio de nuestro formulario o contestada por correo electr\u00f3nico, si no ha generado un nuevo tratamiento, y en caso de haber aceptado recibir env\u00edos comerciales, hasta que solicite la baja de los mismos.<\/p>\n\n\n\n<p><strong>Formulario de comentarios<\/strong>: En la web existe la posibilidad de que los usuarios dejen comentarios a las publicaciones del sitio. Existe una cookie que almacena los datos facilitados por el usuario para que no tenga que volver a introducirlos en cada nueva visita y adem\u00e1s se recogen internamente la direcci\u00f3n de email, nombre, web y la direcci\u00f3n IP. Los datos est\u00e1n almacenados en los servidores de (servidor de hosting).<\/p>\n\n\n\n<p>Formularios de suscripci\u00f3n a Newsletter: Susanna Arjona&nbsp; utiliza el servicio de env\u00edo de newsletters (boletines por correo electr\u00f3nico) de Mailchimp (The Rocket Science Group LLC), empresa ubicada en Georgia en los Estados Unidos, que almacena tus datos de correo electr\u00f3nico, nombre y aceptaci\u00f3n de la suscripci\u00f3n. Puedes anular en cualquier momento la suscripci\u00f3n al bolet\u00edn mediante un enlace espec\u00edfico situado al fondo de cada env\u00edo que recibas<\/p>\n\n\n\n<p>Correo electr\u00f3nico:&nbsp;Nuestro prestador de servicios de correo electr\u00f3nico es Google, Inc, a trav\u00e9s de&nbsp;Google Apps para empresas y el propio correo alojado en AFX Solutions.<\/p>\n\n\n\n<p>Mensajer\u00eda instant\u00e1nea:&nbsp;Susanna Arjona&nbsp; presta servicio a trav\u00e9s de mensajer\u00eda instant\u00e1nea utilizando de las Aplicaciones de WhatsApp y Telegram.<\/p>\n\n\n\n<p><strong>Registro de usuarios<\/strong>: No se admiten salvo petici\u00f3n expresa.<\/p>\n\n\n\n<p><strong>Contenido incrustado desde otras webs<\/strong><\/p>\n\n\n\n<p>Los art\u00edculos de este sitio puede incluir contenido incrustado (p.ej. v\u00eddeos, im\u00e1genes, art\u00edculos, etc.). El contenido incrustado desde otras webs se comporta del mismo modo que si el visitante ha visitado la otra web.<\/p>\n\n\n\n<p>Estas webs pueden recopilar datos sobre ti, usar cookies, incrustar seguimiento de terceros, y vigilar tu interacci\u00f3n con el contenido incrustado, incluido el seguimiento de tu interacci\u00f3n con el contenido incrustado si tienes una cuenta o est\u00e1s conectado a esa web.<\/p>\n\n\n\n<p><strong>Otros servicios:<\/strong>&nbsp;Ciertos servicios prestados a trav\u00e9s del Sitio Web pueden contener condiciones particulares con previsiones espec\u00edficas en materia de protecci\u00f3n de datos personales. Se hace indispensable su lectura y aceptaci\u00f3n con car\u00e1cter previo a la solicitud del servicio de que se trate.<\/p>\n\n\n\n<p><strong>Finalidad y legitimaci\u00f3n:<\/strong>&nbsp;La finalidad del tratamiento de estos datos ser\u00e1 \u00fanicamente la de prestarte la informaci\u00f3n o servicios que nos solicites.<\/p>\n\n\n\n<p><strong>Redes sociales<\/strong><\/p>\n\n\n\n<p><strong>Presencia en redes:<\/strong>&nbsp;Susanna Arjona&nbsp; cuenta con perfil en algunas de las principales redes sociales de Internet.<\/p>\n\n\n\n<p><strong>Finalidad y legitimaci\u00f3n:<\/strong>&nbsp;El tratamiento que Susanna Arjona&nbsp; llevar\u00e1 a cabo con los&nbsp;datos dentro de cada una de las referidas redes ser\u00e1, como m\u00e1ximo, el que la red social permita a los perfiles corporativos. As\u00ed pues, Susanna Arjona&nbsp; podr\u00e1 informar, cuando la ley no lo proh\u00edba, a sus seguidores por cualquier v\u00eda que la red social permita sobre sus actividades, ponencias, ofertas, as\u00ed como prestar servicio personalizado de atenci\u00f3n al cliente.<\/p>\n\n\n\n<p><strong>Extracci\u00f3n de datos:<\/strong>&nbsp;En ning\u00fan caso Susanna Arjona&nbsp; extraer\u00e1 datos de las redes sociales, a menos que se obtuviera puntual y expresamente el consentimiento del usuario para ello.<\/p>\n\n\n\n<p><strong>Derechos:<\/strong>&nbsp;Cuando, debido a la propia naturaleza de las redes sociales, el ejercicio efectivo de los derechos de protecci\u00f3n de datos del seguidor quede supeditado a la modificaci\u00f3n del perfil personal de este, Susanna Arjona&nbsp; te ayudar\u00e1 y aconsejar\u00e1 a tal fin en la medida de sus posibilidades.<\/p>\n\n\n\n<p><strong>Encargados del tratamiento fuera de la UE<\/strong><\/p>\n\n\n\n<p><strong>Almacenamiento&nbsp;y cifrado.<\/strong>&nbsp;Susanna Arjona&nbsp; utiliza servicios de&nbsp;almacenamiento cifrado de&nbsp;<a href=\"https:\/\/www.google.com\/intl\/es\/about\/company\/\" target=\"_blank\" rel=\"noopener\">Google Inc<\/a>&nbsp;a trav\u00e9s de&nbsp;<a href=\"https:\/\/www.google.com\/intl\/es_es\/drive\/\" target=\"_blank\" rel=\"noopener\">Google Drive<\/a>.<\/p>\n\n\n\n<p><strong>Correo electr\u00f3nico.<\/strong>&nbsp;El servicio de correo electr\u00f3nico de Susanna Arjona&nbsp; se presta usando los servicios de&nbsp;<a href=\"https:\/\/www.google.es\/intl\/es\/about\/\" target=\"_blank\" rel=\"noopener\">Google Inc.<\/a>&nbsp;a trav\u00e9s de Google Apps.<\/p>\n\n\n\n<p><strong>Redes Sociales.<\/strong>&nbsp;Susanna Arjona&nbsp; hace uso de las redes sociales estadounidenses Facebook, Instagram y Twitter, a quien se realiza una transferencia internacional de datos,&nbsp;de tipo anal\u00edticos y t\u00e9cnicos en relaci\u00f3n con el Sitio Web siendo en sus servidores en los que Susanna Arjona&nbsp; trata los datos que, a trav\u00e9s de ellas, los usuarios, suscriptores o navegantes entregan a la firma Susanna Arjona&nbsp; o comparten con esta.<\/p>\n\n\n\n<p><strong>Compromisos y obligaciones con nuestros usuarios<\/strong><\/p>\n\n\n\n<p>El acceso y\/o uso de este sitio web atribuye a quien lo realiza la condici\u00f3n de Usuario, aceptando, desde este mismo momento, plenamente y sin reserva alguna, el presente Aviso Legal en relaci\u00f3n con determinados servicios y contenidos del sitio Web.<\/p>\n\n\n\n<p>En la utilizaci\u00f3n del sitio web Susanna Arjona \u00a0el Usuario se compromete a no llevar a cabo\u00a0ninguna conducta\u00a0que pudiera da\u00f1ar la imagen, los intereses y los derechos de Susanna Arjona \u00a0o de terceros o que pudiera da\u00f1ar, inutilizar o sobrecargar el portal Susanna Arjona \u00a0o que impidiera, de cualquier forma, la normal utilizaci\u00f3n del sitio web.<\/p>\n\n\n\n<div style=\"height:50px\" aria-hidden=\"true\" class=\"wp-block-spacer\"><\/div>","protected":false},"excerpt":{"rendered":"<p>TITULAR DE LA WEB Su denominaci\u00f3n social es: Susanna Arjona Su NIF:&nbsp;40326567T Su domicilio social est\u00e1: Carrer de la Creu, 20 entresol 4\u00aa, 17002 Girona Marca identificativa: Susanna Arjona \u00b7 AriaVital Su actividad social es: Psicopedagog\u00eda, psicoterapia y formadora Correo electr\u00f3nico: info@susannaarjona.com Finalidad de la p\u00e1gina web: informaci\u00f3n, consulta y la atenci\u00f3n de solicitudes de [&hellip;]<\/p>\n","protected":false},"author":4,"featured_media":0,"parent":0,"menu_order":0,"comment_status":"closed","ping_status":"closed","template":"page-template-blank.php","meta":{"_et_pb_use_builder":"off","_et_pb_old_content":"","_et_gb_content_width":"1080","footnotes":""},"class_list":["post-24451","page","type-page","status-publish","hentry"],"_links":{"self":[{"href":"https:\/\/susannaarjona.com\/ca\/wp-json\/wp\/v2\/pages\/24451","targetHints":{"allow":["GET"]}}],"collection":[{"href":"https:\/\/susannaarjona.com\/ca\/wp-json\/wp\/v2\/pages"}],"about":[{"href":"https:\/\/susannaarjona.com\/ca\/wp-json\/wp\/v2\/types\/page"}],"author":[{"embeddable":true,"href":"https:\/\/susannaarjona.com\/ca\/wp-json\/wp\/v2\/users\/4"}],"replies":[{"embeddable":true,"href":"https:\/\/susannaarjona.com\/ca\/wp-json\/wp\/v2\/comments?post=24451"}],"version-history":[{"count":0,"href":"https:\/\/susannaarjona.com\/ca\/wp-json\/wp\/v2\/pages\/24451\/revisions"}],"wp:attachment":[{"href":"https:\/\/susannaarjona.com\/ca\/wp-json\/wp\/v2\/media?parent=24451"}],"curies":[{"name":"wp","href":"https:\/\/api.w.org\/{rel}","templated":true}]}}