{"id":14896,"date":"2015-09-27T12:23:42","date_gmt":"2015-09-27T10:23:42","guid":{"rendered":"http:\/\/susannaarjona.com\/?page_id=14896"},"modified":"2020-10-07T08:24:51","modified_gmt":"2020-10-07T06:24:51","slug":"aviso-legal","status":"publish","type":"page","link":"https:\/\/susannaarjona.com\/ca\/aviso-legal\/","title":{"rendered":"Aviso Legal"},"content":{"rendered":"<p><strong>TERMINOS Y CONDICIONES DE USO<\/strong><\/p>\n\n\n\n<p><strong>1. DATOS IDENTIFICATIVOS<\/strong><\/p>\n\n\n\n<p>Los presentes T\u00e9rminos y Condiciones de uso regulan el acceso y uso del sitio web&nbsp;<a href=\"https:\/\/susannaarjona.com\/ca\/\">www.susannaarjona.com<\/a>. En cumplimiento con el deber de informaci\u00f3n recogido en el art\u00edculo 10 de la Ley 34\/2002, de 11 de julio, de Servicios de la Sociedad de la Informaci\u00f3n y del Comercio Electr\u00f3nico, la empresa titular del sitio web es <a href=\"mailto:info@susannaarjona.com\">info@susannaarjona.com<\/a> ,con domicilio a estos efectos en Campllong, (C.P., 17457), provincia de Girona, P\u00ba.,Campllong, n\u00ba., 9, de N.I.F.: 40326567T, tel\u00e9fono,&nbsp; 60687406.<\/p>\n\n\n\n<p><strong>2. USUARIOS<\/strong><\/p>\n\n\n\n<p>El acceso y\/o uso del sitio web atribuye a quien lo utilice la condici\u00f3n de Usuario. El acceso a este sitio web tiene car\u00e1cter libre y gratuito y su visualizaci\u00f3n no requiere previa suscripci\u00f3n o registro alguno. No obstante, lo anterior, el acceso al sitio web y\/o sus funcionalidades se encuentra condicionado a la previa lectura y aceptaci\u00f3n por parte de cualquier Usuario de estos T\u00e9rminos y Condiciones de uso del sitio web, as\u00ed como de cualquier otra comunicaci\u00f3n, advertencia y dem\u00e1s avisos legales contenidos en el presente clausulado o que puedan ponerse a disposici\u00f3n de los Usuarios durante la navegaci\u00f3n. Si el Usuario no estuviera de acuerdo con el contenido de estos T\u00e9rminos y Condiciones deber\u00e1 abandonar este sitio web, no pudiendo acceder ni disponer de las funcionalidades que \u00e9sta ofrece.<\/p>\n\n\n\n<p><strong>3. USO DEL SITIO WEB<\/strong><\/p>\n\n\n\n<p>Toda la informaci\u00f3n incluida en este sitio web tiene fines exclusivamente informativos. El sitio web proporciona acceso a informaciones y\/o datos que deber\u00e1n ser utilizados por los Usuarios de una forma diligente, correcta y l\u00edcita. En particular, el Usuario se compromete a abstenerse de:<\/p>\n\n\n\n<p>a) utilizar la Informaci\u00f3n con fines o efectos contrarios a la ley, a la moral y a las buenas costumbres generalmente aceptadas o al orden p\u00fablico; (b) reproducir o copiar, distribuir, permitir el acceso del p\u00fablico a trav\u00e9s de cualquier modalidad de comunicaci\u00f3n p\u00fablica, transformar o modificar la Informaci\u00f3n, a menos que resulte legalmente permitido; (c) vulnerar derechos de propiedad intelectual o industrial pertenecientes a Susanna Arjona, o a terceros; (d) causar da\u00f1o o alteraciones del sitio web, ni obstaculizar su buen funcionamiento, ni causar problemas t\u00e9cnicos de ninguna \u00edndole, transfiriendo elementos susceptibles de portar virus inform\u00e1ticos o de da\u00f1ar, interferir o interceptar total o parcialmente el presente sitio web; (e) emplear la Informaci\u00f3n obtenida a trav\u00e9s de sitio web para remitir publicidad, comunicaciones con fines de venta directa o con cualquier otra clase de finalidad comercial, mensajes no solicitados dirigidos a una pluralidad de personas con independencia de su finalidad, as\u00ed como de comercializar o divulgar de cualquier modo dicha informaci\u00f3n.<\/p>\n\n\n\n<p>El Usuario responder\u00e1 de los da\u00f1os y perjuicios de toda naturaleza que Susanna Arjona, pueda sufrir, directa o indirectamente, como consecuencia del incumplimiento de cualquiera de las obligaciones derivadas de los T\u00e9rminos y Condiciones o que la ley establezca relaci\u00f3n con la utilizaci\u00f3n del sitio web. Susanna Arjona, actuando bajo el principio de buena fe, realiza sus mayores esfuerzos para que las informaciones, contenidos y datos que aparecen en el sitio web se encuentren debidamente revisados antes de su publicaci\u00f3n. Sin embargo, y, a pesar de emplear toda la diligencia debida, no es posible garantizar que la informaci\u00f3n del sitio web se encuentre absolutamente libre de erratas, errores mecanogr\u00e1ficos, defectos y otros problemas equivalentes, por lo que Susanna Arjona, recomienda a los usuarios que est\u00e9n atentos a las posibles actualizaciones o rectificaciones que el sitio web pueda incorporar. Susanna Arjona, se reserva la facultad de modificar unilateralmente la configuraci\u00f3n de este sitio web, as\u00ed como eliminarlo, limitarlo o suspenderlo de manera temporal o definitiva, y\/o impedir el acceso a los mismos procurando informar al usuario de dicho cambio, siempre y cuando las circunstancias as\u00ed lo permitan, a trav\u00e9s de una publicaci\u00f3n en el sitio web. En caso de efectuar operaciones de mantenimiento, reparaci\u00f3n, actualizaci\u00f3n o mejora de los servicios,&nbsp; Susanna Arjona, tiene el derecho a suspender temporalmente y sin necesidad de preaviso la accesibilidad al presente sitio web.<\/p>\n\n\n\n<p><strong>4. PROPIEDAD INTELECTUAL E INDUSTRIAL<\/strong><\/p>\n\n\n\n<p>El Usuario acepta que todos los derechos sobre el contenido del presente sitio web est\u00e1n protegidos por la legislaci\u00f3n relativa a los derechos de autor, y que los derechos de propiedad intelectual y\/o industrial o de otra \u00edndole sobre los mismos pertenecen a Susanna Arjona. El sitio web y los diferentes elementos distintivos que lo integran, tales como el dise\u00f1o, im\u00e1genes, mapas, gr\u00e1ficos, marcas, r\u00f3tulos, logos, frames, banners, el software y sus distintos c\u00f3digos, fuente y objeto, y cualesquiera otros de este sitio web son, en todo caso, titularidad de Susanna Arjona, que posee leg\u00edtimamente los derechos de explotaci\u00f3n sobre los mismos. El usuario acepta que no alterar\u00e1 ninguno de estos elementos protegidos por los derechos de autor y de propiedad intelectual e industrial que aparecen el sitio web, y que pueda afectar de alg\u00fan modo a su contenido. El Usuario acepta que no podr\u00e1 reproducir, modificar, distribuir, transmitir, publicar, ceder, vender o comercializar de cualquier forma los elementos anteriormente mencionados o crear nuevos productos o servicios derivados de la informaci\u00f3n obtenida. El Usuario reconoce que la realizaci\u00f3n de cualquiera de estas actividades no autorizadas constituye una infracci\u00f3n de los derechos de propiedad intelectual y\/o industrial de Susanna Arjona, y se obliga a abstenerse de llevar a cabo este tipo de conductas. El Usuario acepta que \u00fanicamente queda autorizada la visualizaci\u00f3n y carga del sitio web para el uso personal y no comercial, sin que pueda hacerlo extensivo a terceras personas o entidades.<\/p>\n\n\n\n<p><strong>5. EXCLUSI\u00d3N DE GARANT\u00cdAS Y RESPONSABILIDADES<\/strong><\/p>\n\n\n\n<p>Susanna Arjona, realizar\u00e1 sus mejores esfuerzos de cara a mantener la disponibilidad continuada del presente sitio web. De esta forma, salvo que las leyes aplicables establezcan lo contrario, se excluye cualquier responsabilidad por los da\u00f1os y perjuicios de cualquier naturaleza que puedan derivarse de la falta de disponibilidad o de continuidad del funcionamiento del sitio web y de sus servicios y la utilidad que los usuarios hubieran podido atribuir al presente sitio web. Pese a que Susanna Arjona, ha implantado todas aquellas medidas adecuadas para garantizar la seguridad de este sitio web, no controla ni garantiza la ausencia de virus ni de otros elementos en los contenidos en el presente sitio web que puedan producir alteraciones en el sistema inform\u00e1tico (software y hardware) del usuario o en los documentos electr\u00f3nicos y ficheros almacenados en su sistema inform\u00e1tico. Salvo que las leyes aplicables establezcan lo contrario, Susanna Arjona, se exime de cualquier responsabilidad por los da\u00f1os y perjuicios de toda naturaleza que puedan deberse a la presencia de virus en los contenidos que puedan producir alteraciones en el sistema inform\u00e1tico, documentos electr\u00f3nicos, ficheros etc. El uso de este sitio es responsabilidad exclusiva de los Usuarios. Susanna Arjona, no tiene obligaci\u00f3n y no controla la utilizaci\u00f3n que los Usuarios hacen del presente sitio web y la Informaci\u00f3n que aparece en el mismo. En particular, Susanna Arjona, no garantiza que los Usuarios utilicen el presente sitio web de conformidad con estos T\u00e9rminos y Condiciones y, en su caso, ni que lo hagan de forma diligente y prudente. Susanna Arjona, tampoco tiene la obligaci\u00f3n de verificar, y no verifica, la identidad de los usuarios, ni la veracidad, vigencia, exhaustividad y\/o autenticidad de los datos que los mismos proporcionan sobre s\u00ed a otros usuarios.<\/p>\n\n\n\n<p><strong>6. ENLACES A OTRAS P\u00c1GINAS WEB<\/strong><\/p>\n\n\n\n<p>La presencia de links en el sitio web, salvo manifestaci\u00f3n expresa en contrario, tiene una finalidad meramente informativa y en ning\u00fan caso pueden ser considerados como sugerencia, invitaci\u00f3n, patrocinio, distribuci\u00f3n o recomendaci\u00f3n sobre los mismos. En el supuesto de que el sitio web pudiera contener v\u00ednculos o enlaces a otros portales o p\u00e1ginas web no gestionados por Susanna Arjona, se pone de manifiesto, que no se ejerce control alguno sobre dichos portales o p\u00e1ginas web, por lo que no se responsabiliza en modo alguno de aquellos contenidos, actividades comerciales, productos y servicios all\u00ed incluidos que pudiesen visualizarse mediante dichos links, directa o indirectamente, a trav\u00e9s de este sitio web. Estos enlaces no representan ning\u00fan tipo de relaci\u00f3n entre Susanna Arjona y los particulares o empresas titulares de los sitios web a los que puede accederse a trav\u00e9s de los mismos. En todo caso, Susanna Arjona, se exonera de toda responsabilidad en relaci\u00f3n con los servicios prestados por dichos terceros frente a cualesquiera reclamaciones de cualquier naturaleza y demandas que pudieran interponerse en relaci\u00f3n con los mismos.<\/p>\n\n\n\n<p><strong>7. PROTECCI\u00d3N DE DATOS<\/strong><\/p>\n\n\n\n<p>En cumplimiento de la Ley Org\u00e1nica 15\/1999, de 13 de diciembre, de Protecci\u00f3n de Datos de Car\u00e1cter Personal, y dem\u00e1s normativa vigente en materia de protecci\u00f3n de datos de car\u00e1cter personal, Susanna Arjona, le informa de que los datos personales facilitados por el Usuario en ese sitio web y\/o a trav\u00e9s de sus formularios ser\u00e1n incorporados a un fichero automatizado, titularidad y responsabilidad de Susanna Arjona, y que ha sido debidamente notificado a la Agencia Espa\u00f1ola de Protecci\u00f3n de Datos. Se le informa as\u00ed mismo de que sus datos personales ser\u00e1n tratados con la finalidad de gestionar las solicitudes que realice a trav\u00e9s de este sitio web, as\u00ed como para, salvo que indique lo contrario en el momento de la recogida de sus datos, remitirle por medios postales, telef\u00f3nicos y electr\u00f3nicos, comunicaciones comerciales de productos o servicios de cuentos, narraciones y audiovisuales. En todo caso, Susanna Arjona, garantiza que sus datos personales no se utilizar\u00e1n con fines distintos a los mencionados en esta cl\u00e1usula y que el tratamiento de los mismos se realizar\u00e1 bajo la m\u00e1s estricta confidencialidad y en pleno cumplimiento de las obligaciones y garant\u00edas que establece la LOPD y el Real Decreto 1720\/2007, de 21 de diciembre, por el que se aprueba el Reglamento de desarrollo de la LOPD o cualquier otra norma que la modifique o la sustituya. Susanna Arjona, aplicar\u00e1 las medidas de car\u00e1cter t\u00e9cnico y organizativo que sean necesarias, a fin de dotar del correspondiente nivel de seguridad a los ficheros que contengan datos facilitados por los Usuarios a trav\u00e9s de este sitio web. En el caso de que el usuario no estuviera de acuerdo en proporcionar aquellos datos calificados como obligatorios en dicho proceso o con su posterior procesamiento implicar\u00e1 la imposibilidad de acceder a la Informaci\u00f3n facilitada por Susanna Arjona, que as\u00ed requiera los datos del Usuario a trav\u00e9s de su sitio web. En todo caso el usuario deber\u00e1 otorgar veracidad y exactitud de los datos de car\u00e1cter personal que en su caso se aporten. Los usuarios cuyos datos sean objeto de tratamiento podr\u00e1n ejercitar gratuitamente sus derechos de acceso, rectificaci\u00f3n, oposici\u00f3n y cancelaci\u00f3n dirigiendo comunicaci\u00f3n escrita, acompa\u00f1ada de fotocopia del DNI o documento acreditativo de su identidad al domicilio antes indicado o mediante correo electr\u00f3nico a: <a href=\"mailto:info@susannaarjona.com\">info@susannaarjona.com<\/a> , o bien a trav\u00e9s del tel\u00e9fono 60687406. Para las bajas comerciales por medios electr\u00f3nicos env\u00ede un correo electr\u00f3nico a <a href=\"mailto:info@susannaarjona.com\">info@susannaarjona.com<\/a> , con el asunto BAJA Comunicaciones electr\u00f3nicas.<\/p>\n\n\n\n<p><strong>9. LEGISLACI\u00d3N APLICABLE Y JURISDICCI\u00d3N<\/strong><\/p>\n\n\n\n<p>Los T\u00e9rminos y Condiciones que rigen este sitio web y todas las relaciones que pudieran derivarse de su uso se regir\u00e1n por la legislaci\u00f3n espa\u00f1ola. Cualquier controversia que pudiera derivarse del acceso o la utilizaci\u00f3n de este sitio web se somete a la exclusiva jurisdicci\u00f3n de del fuero del consumidor en Espa\u00f1a.<\/p>\n\n\n\n<div style=\"height:50px\" aria-hidden=\"true\" class=\"wp-block-spacer\"><\/div>","protected":false},"excerpt":{"rendered":"<p>TERMINOS Y CONDICIONES DE USO 1. DATOS IDENTIFICATIVOS Los presentes T\u00e9rminos y Condiciones de uso regulan el acceso y uso del sitio web&nbsp;www.susannaarjona.com. En cumplimiento con el deber de informaci\u00f3n recogido en el art\u00edculo 10 de la Ley 34\/2002, de 11 de julio, de Servicios de la Sociedad de la Informaci\u00f3n y del Comercio Electr\u00f3nico, [&hellip;]<\/p>\n","protected":false},"author":4,"featured_media":0,"parent":0,"menu_order":0,"comment_status":"closed","ping_status":"closed","template":"page-template-blank.php","meta":{"_et_pb_use_builder":"","_et_pb_old_content":"","_et_gb_content_width":"1080","footnotes":""},"class_list":["post-14896","page","type-page","status-publish","hentry"],"_links":{"self":[{"href":"https:\/\/susannaarjona.com\/ca\/wp-json\/wp\/v2\/pages\/14896","targetHints":{"allow":["GET"]}}],"collection":[{"href":"https:\/\/susannaarjona.com\/ca\/wp-json\/wp\/v2\/pages"}],"about":[{"href":"https:\/\/susannaarjona.com\/ca\/wp-json\/wp\/v2\/types\/page"}],"author":[{"embeddable":true,"href":"https:\/\/susannaarjona.com\/ca\/wp-json\/wp\/v2\/users\/4"}],"replies":[{"embeddable":true,"href":"https:\/\/susannaarjona.com\/ca\/wp-json\/wp\/v2\/comments?post=14896"}],"version-history":[{"count":0,"href":"https:\/\/susannaarjona.com\/ca\/wp-json\/wp\/v2\/pages\/14896\/revisions"}],"wp:attachment":[{"href":"https:\/\/susannaarjona.com\/ca\/wp-json\/wp\/v2\/media?parent=14896"}],"curies":[{"name":"wp","href":"https:\/\/api.w.org\/{rel}","templated":true}]}}